{"id":11128,"date":"2025-06-02T06:18:26","date_gmt":"2025-06-02T04:18:26","guid":{"rendered":"https:\/\/puraventuraspain.com\/politique-de-confidentialite\/"},"modified":"2025-12-10T19:23:19","modified_gmt":"2025-12-10T17:23:19","slug":"politique-de-confidentialite","status":"publish","type":"page","link":"https:\/\/puraventuraspain.com\/fr\/politique-de-confidentialite\/","title":{"rendered":"Politique de confidentialit\u00e9"},"content":{"rendered":"<p><strong>Informations sur le propri\u00e9taire du site<\/strong><\/p>\n<p>MULTIAVENTURA SANTA POLA, SL, CALLE MARINA MIRAMA PUERTO DEPORT 2, SANTA POLA (ALICANTE), 03130 et adresse \u00e9lectronique INFO@DIVEACADEMY-SANTAPOLA.COM.<\/p>\n<p>Inscription au registre du commerce sous le num\u00e9ro : B-42703918<\/p>\n<p><strong>D\u00e9l\u00e9gu\u00e9 \u00e0 la protection des donn\u00e9es<\/strong><\/p>\n<p>Le propri\u00e9taire est responsable des donn\u00e9es personnelles collect\u00e9es lors de la navigation et de l&rsquo;utilisation de ce site Web, conform\u00e9ment aux exigences \u00e9tablies par le <strong>R\u00c8GLEMENT (UE) 2016\/679<\/strong> sur la protection des donn\u00e9es des personnes physiques ainsi que conform\u00e9ment \u00e0 la <strong>loi 34\/2002 du 11 juillet sur les services de la soci\u00e9t\u00e9 de l&rsquo;information et le commerce \u00e9lectronique (LSSI-CE).<\/strong><\/p>\n<p>En utilisant ce site web, nous comprenons que vous avez lu et compris les informations relatives au traitement de vos donn\u00e9es personnelles.<\/p>\n<p>Notre principal objectif est de traiter les donn\u00e9es \u00e0 caract\u00e8re personnel de mani\u00e8re licite, loyale et transparente.<\/p>\n<p><strong>Politique de protection des donn\u00e9es<\/strong><\/p>\n<p>Le responsable du traitement applique le principe de la responsabilit\u00e9 active dans le traitement des donn\u00e9es \u00e0 caract\u00e8re personnel, en maintenant une mise \u00e0 jour constante et en promouvant l&rsquo;am\u00e9lioration continue du syst\u00e8me de protection des donn\u00e9es conform\u00e9ment aux exigences l\u00e9gales applicables, en garantissant en tout \u00e9tat de cause :<br \/>\n* le respect des libert\u00e9s et droits fondamentaux des personnes physiques<br \/>\n* que les donn\u00e9es sont trait\u00e9es de mani\u00e8re licite, loyale et transparente<br \/>\n* que les donn\u00e9es trait\u00e9es sont exactes, ad\u00e9quates, pertinentes et limit\u00e9es au regard des finalit\u00e9s pour lesquelles elles sont trait\u00e9es ; * que les donn\u00e9es trait\u00e9es sont exactes, ad\u00e9quates, pertinentes et limit\u00e9es au regard des finalit\u00e9s pour lesquelles elles sont trait\u00e9es.<br \/>\nqui sont collect\u00e9s<br \/>\n* que les finalit\u00e9s pour lesquelles elles sont collect\u00e9es sont explicites et l\u00e9gitimes et qu&rsquo;elles ne sont pas trait\u00e9es d&rsquo;une autre mani\u00e8re<br \/>\nincompatible avec ces objectifs<\/p>\n<p>L&rsquo;objectif de ce document est d&rsquo;informer les utilisateurs sur ce que nous faisons de leurs donn\u00e9es personnelles, comment elles sont collect\u00e9es, \u00e0 quelles fins elles sont utilis\u00e9es, les droits dont ils disposent et toutes les informations l\u00e9gales n\u00e9cessaires \u00e9tablies par la l\u00e9gislation en vigueur.<\/p>\n<p><strong>Donn\u00e9es collect\u00e9es, finalit\u00e9 et lic\u00e9it\u00e9<\/strong><\/p>\n<p>Les donn\u00e9es personnelles trait\u00e9es sont celles fournies par les utilisateurs \u00e0 travers les formulaires disponibles sur ce site web et sont le minimum requis pour pouvoir :<br \/>\n*vous envoyer des informations sur nos produits \/ services<br \/>\n*r\u00e9pondre aux questions.<br \/>\n*traiter les commandes, ainsi que pr\u00e9parer les factures correspondantes, rendre compte de l&rsquo;\u00e9tat des commandes, traiter les r\u00e9clamations et toute autre gestion d\u00e9riv\u00e9e de la prestation du service r\u00e9alis\u00e9 \u00e0 travers ce site web.<\/p>\n<p>Ces finalit\u00e9s sont fond\u00e9es sur les principes juridiques du traitement des donn\u00e9es collect\u00e9es en vertu de la l\u00e9gislation en vigueur : pour l&rsquo;ex\u00e9cution d&rsquo;un contrat ou la fourniture d&rsquo;un service aux utilisateurs, pour le respect d&rsquo;obligations l\u00e9gales, pour l&rsquo;int\u00e9r\u00eat l\u00e9gitime et avec le consentement des utilisateurs.<\/p>\n<p><strong>Formulaires web<\/strong><\/p>\n<p>Les donn\u00e9es personnelles collect\u00e9es \u00e0 travers le formulaire de contact du site web sont utilis\u00e9es pour traiter toute demande faite par l&rsquo;utilisateur \u00e0 travers celui-ci.<br \/>\nLes donn\u00e9es personnelles collect\u00e9es dans le formulaire de commande sont utilis\u00e9es pour traiter les donn\u00e9es n\u00e9cessaires \u00e0 la gestion correcte de vos commandes.<br \/>\nLe traitement des donn\u00e9es est l\u00e9gitim\u00e9 par le consentement que vous nous donnez en acceptant express\u00e9ment les conditions du traitement inform\u00e9es \u00e0 travers cette politique de confidentialit\u00e9.<\/p>\n<p><strong>Destinataires des donn\u00e9es<\/strong><\/p>\n<p>Les donn\u00e9es personnelles obtenues par le biais des formulaires web sont enregistr\u00e9es et stock\u00e9es sur des supports \u00e9lectroniques contr\u00f4l\u00e9s et supervis\u00e9s par le responsable du traitement.<br \/>\nVos donn\u00e9es personnelles ne seront pas communiqu\u00e9es \u00e0 des tiers, \u00e0 l&rsquo;exception du fait que cette communication de donn\u00e9es est couverte par une obligation l\u00e9gale ou lorsque pour la bonne fourniture du service ou l&rsquo;ex\u00e9cution du contrat il est n\u00e9cessaire de communiquer vos donn\u00e9es \u00e0 des tiers pour effectuer le paiement (passerelles de paiement) et g\u00e9rer la livraison des produits (transporteurs) couverts par un tel transfert dans le cadre des besoins du service. En cas de paiement par d&rsquo;autres passerelles de paiement, nous recommandons \u00e0 l&rsquo;utilisateur de lire la politique de confidentialit\u00e9 pour comprendre comment il traite les informations personnelles. <\/p>\n<p>Dans les cas o\u00f9 la communication de donn\u00e9es \u00e0 des tiers n&rsquo;est pas couverte par les bases l\u00e9gales \u00e9tablies dans la section pr\u00e9c\u00e9dente, la communication de donn\u00e9es \u00e0 d&rsquo;autres destinataires n&rsquo;aura lieu que si l&rsquo;utilisateur a donn\u00e9 son consentement expr\u00e8s.<br \/>\nDes crit\u00e8res stricts sont maintenus pour la s\u00e9lection des responsables du traitement des donn\u00e9es et l&rsquo;engagement contractuel avec chacun d&rsquo;entre eux de respecter et de faire respecter les obligations \u00e9tablies dans le domaine de la protection des donn\u00e9es.<\/p>\n<p>En cas de transfert international de donn\u00e9es, MULTIAVENTURA SANTA POLA, SL s&rsquo;assurera que le transfert de vos donn\u00e9es personnelles est effectu\u00e9 conform\u00e9ment aux lois applicables en mati\u00e8re de protection de la vie priv\u00e9e et, en particulier, que les mesures contractuelles, techniques et organisationnelles n\u00e9cessaires sont appliqu\u00e9es, telles que les clauses contractuelles types approuv\u00e9es par la Commission europ\u00e9enne.<\/p>\n<p>Vous pouvez obtenir plus d&rsquo;informations sur le traitement des donn\u00e9es personnelles par notre organisation en envoyant un e-mail \u00e0<br \/>\n: INFO@DIVEACADEMY-SANTAPOLA.COM ou en cliquant sur le lien suivant : https:\/\/www.accesousuario.com\/protecciondedatos\/rgpd\/informacion_consentimientoAPI.php?codEmpresa=73534<\/p>\n<p><strong>Mesures techniques et organisationnelles de protection des donn\u00e9es<\/strong><\/p>\n<p>Les supports disposent des mesures techniques et organisationnelles n\u00e9cessaires pour garantir la confidentialit\u00e9 et la conservation des donn\u00e9es personnelles obtenues par le biais du site web.<br \/>\nLes donn\u00e9es personnelles collect\u00e9es sur le site web sont trait\u00e9es en utilisant le protocole HTML avec un certificat SSL valide.<br \/>\nLe personnel impliqu\u00e9 dans les op\u00e9rations de traitement des donn\u00e9es : acc\u00e8s, \u00e9dition, suppression, etc&#8230; est qualifi\u00e9, form\u00e9 et engag\u00e9 dans cette politique de protection des donn\u00e9es.<\/p>\n<p><strong>Conservation des donn\u00e9es<\/strong><\/p>\n<p>Les donn\u00e9es personnelles obtenues par le biais du formulaire de contact seront conserv\u00e9es pendant la dur\u00e9e n\u00e9cessaire au traitement de la demande\/question formul\u00e9e.<br \/>\nLes donn\u00e9es personnelles obtenues par le biais du formulaire de commande seront conserv\u00e9es tant qu&rsquo;il existe une relation contractuelle et\/ou commerciale avec vous ou tant que vous n&rsquo;exercez pas votre droit de suppression, d&rsquo;annulation et\/ou de limitation du traitement de vos donn\u00e9es.<br \/>\nUne fois la relation contractuelle termin\u00e9e, nous conserverons les informations d\u00fbment bloqu\u00e9es, sans les utiliser, tant qu&rsquo;elles seront n\u00e9cessaires \u00e0 l&rsquo;exercice ou \u00e0 la d\u00e9fense de r\u00e9clamations, ou \u00e0 tout type de responsabilit\u00e9 judiciaire, l\u00e9gale ou contractuelle pouvant d\u00e9couler de leur traitement, dont il faut s&rsquo;occuper et pour laquelle leur r\u00e9cup\u00e9ration est n\u00e9cessaire.<\/p>\n<p>Si vous avez express\u00e9ment accept\u00e9 de recevoir des informations commerciales de notre part, nous conserverons vos coordonn\u00e9es jusqu&rsquo;\u00e0 ce que vous nous informiez de votre d\u00e9cision de ne plus recevoir d&rsquo;informations commerciales de notre part.<\/p>\n<p><strong>Informations sur l&rsquo;existence de d\u00e9cisions automatis\u00e9es (y compris le profilage)<\/strong><\/p>\n<p>Normalement, nous ne prenons pas de d\u00e9cisions automatiques, mais lorsque nous le faisons, nous indiquons clairement qu&rsquo;il s&rsquo;agit d&rsquo;une d\u00e9cision. Cependant, MULTIAVENTURA SANTA POLA, SL recueille plusieurs sections d\u00e9di\u00e9es \u00e0 la personnalisation des services afin d&rsquo;afficher une publicit\u00e9 personnalis\u00e9e lors de l&rsquo;acc\u00e8s \u00e0 son site Web et d&rsquo;envoyer des communications personnalis\u00e9es.<br \/>\nMULTIAVENTURA SANTA POLA, SL reconna\u00eet la possibilit\u00e9 de profilage afin d&rsquo;am\u00e9liorer son offre de produits ou de personnaliser l&rsquo;envoi d&rsquo;offres commerciales ou d&rsquo;offrir un traitement plus personnalis\u00e9 au client. <\/p>\n<p><strong>Opposition au traitement des donn\u00e9es \u00e0 des fins publicitaires<\/strong><br \/>\nSi vous avez consenti \u00e0 ce que vos donn\u00e9es soient utilis\u00e9es \u00e0 des fins publicitaires et que vous ne souhaitez plus recevoir de publicit\u00e9, vous pouvez r\u00e9voquer votre consentement \u00e0 tout moment en envoyant un courriel \u00e0 l&rsquo;adresse \u00e9lectronique de la personne responsable INFO@DIVEACADEMY-SANTAPOLA.COM.<\/p>\n<p><strong>Modifications de la politique de confidentialit\u00e9<\/strong><\/p>\n<p>Nous pouvons modifier de temps \u00e0 autre les informations contenues dans la pr\u00e9sente Politique en mati\u00e8re de confidentialit\u00e9 et de cookies. Dans ce cas, nous vous informerons par divers moyens via la Plateforme (par exemple, par le biais d&rsquo;une banni\u00e8re, d&rsquo;un pop-up ou d&rsquo;une notification push), ou nous vous informerons \u00e0 votre adresse \u00e9lectronique lorsque le changement en question est important pour<br \/>\nen ce qui concerne votre vie priv\u00e9e, afin que vous puissiez examiner les changements, les \u00e9valuer et, le cas \u00e9ch\u00e9ant, vous opposer ou vous d\u00e9sabonner \u00e0 tout service ou toute fonctionnalit\u00e9. En tout \u00e9tat de cause, nous vous conseillons de consulter r\u00e9guli\u00e8rement la pr\u00e9sente politique en mati\u00e8re de confidentialit\u00e9 et de cookies, au cas o\u00f9 des modifications mineures y seraient apport\u00e9es ou si nous y introduisions des am\u00e9liorations interactives.  <\/p>\n<p><strong>AVIS JURIDIQUE<\/strong><\/p>\n<p><strong>Propri\u00e9t\u00e9 intellectuelle et industrielle<\/strong><\/p>\n<p>La conception du portail et ses codes sources, ainsi que les logos, marques et autres signes distinctifs qui y figurent appartiennent \u00e0 (MULTIAVENTURA SANTA POLA, SL) et sont prot\u00e9g\u00e9s par les droits de propri\u00e9t\u00e9 intellectuelle et industrielle correspondants.<\/p>\n<p><strong>Responsabilit\u00e9 du contenu<\/strong><\/p>\n<p>MULTIAVENTURA SANTA POLA, SL n&rsquo;est pas responsable de la l\u00e9galit\u00e9 des sites Web de tiers \u00e0 partir desquels vous pouvez acc\u00e9der au portail. Elle n&rsquo;est pas non plus responsable de la l\u00e9galit\u00e9 des sites Web de tiers auxquels il est possible d&rsquo;acc\u00e9der par des liens ou des renvois \u00e0 partir de ce portail.<br \/>\nMULTIAVENTURA SANTA POLA, SL n&rsquo;est pas responsable de l&rsquo;utilisation que font les tiers des informations publi\u00e9es sur le portail, ni des dommages subis ou des pertes \u00e9conomiques qui, directement ou indirectement, produisent ou peuvent produire des dommages \u00e9conomiques, mat\u00e9riels ou de donn\u00e9es, provoqu\u00e9s par l&rsquo;utilisation de ces informations. <\/p>\n<p><strong>Lecture du contenu<\/strong><\/p>\n<p>Conform\u00e9ment aux dispositions de la loi sur la propri\u00e9t\u00e9 intellectuelle, la reproduction, la distribution et la communication publique de tout ou partie du contenu de ce site Web, \u00e0 des fins commerciales, sur n&rsquo;importe quel support et par n&rsquo;importe quel moyen technique, sans l&rsquo;autorisation de MULTIAVENTURA SANTA POLA, SL, est express\u00e9ment interdite.<\/p>\n<p><strong>Droit applicable<\/strong><\/p>\n<p>MULTIAVENTURA SANTA POLA, SL se r\u00e9serve le droit d&rsquo;intenter toute action civile ou p\u00e9nale qu&rsquo;elle jugera n\u00e9cessaire en cas d&rsquo;utilisation abusive du site Web et de son contenu, ou de violation des pr\u00e9sentes conditions.<br \/>\nLa relation entre l&rsquo;utilisateur et MULTIAVENTURA SANTA POLA, SL sera r\u00e9gie par la r\u00e9glementation en vigueur et applicable sur le territoire national. En cas de litige concernant l&rsquo;interpr\u00e9tation et\/ou l&rsquo;application de ces conditions, les parties soumettront les litiges \u00e0 la juridiction ordinaire, en s&rsquo;adressant aux juges et aux tribunaux correspondants conform\u00e9ment \u00e0 la loi.<br \/>\nNous vous informons \u00e9galement qu&rsquo;il existe une proc\u00e9dure de r\u00e8glement extrajudiciaire des litiges gratuite et accessible \u00e0 tous les citoyens, il s&rsquo;agit de la plate-forme de r\u00e8glement en ligne des litiges de l&rsquo;Union europ\u00e9enne, accessible via le lien suivant<br \/>\n<a href=\"https:\/\/ec.europa.eu\/consumers\/odr\/main\/?event=main.home2.show\" target=\"_blank\" rel=\"noopener\">https:\/\/ec.europa.eu\/consumers\/odr\/main\/?event=main.home2.show.<\/a><\/p>\n<p><strong>Cookies<\/strong><\/p>\n<p>En cas d&rsquo;utilisation de la technologie des \u00ab\u00a0cookies\u00a0\u00bb sur le site web, il existe une section sp\u00e9cifique qui vous informe de son existence ainsi que de sa politique d&rsquo;utilisation. Veuillez vous r\u00e9f\u00e9rer \u00e0 la section \u00ab\u00a0politique en mati\u00e8re de cookies\u00a0\u00bb. Dans le cas contraire, les cookies de navigation ne sont pas utilis\u00e9s.  <\/p>\n<p><strong>Donn\u00e9es personnelles des mineurs<\/strong><br \/>\nCe site web n&rsquo;est pas destin\u00e9 aux utilisateurs mineurs. Si vous \u00eates mineur, n&rsquo;essayez pas de vous enregistrer en tant qu&rsquo;utilisateur. Si nous d\u00e9couvrons que nous avons obtenu par erreur des informations personnelles sur un mineur, nous les supprimerons dans les plus brefs d\u00e9lais.<br \/>\nExercice des droits de protection des donn\u00e9es Conform\u00e9ment aux droits conf\u00e9r\u00e9s par la l\u00e9gislation en vigueur sur la protection des donn\u00e9es personnelles, les utilisateurs peuvent exercer leurs droits d&rsquo;acc\u00e8s, de rectification, de limitation du traitement, d&rsquo;effacement, de portabilit\u00e9 et d&rsquo;opposition au traitement de leurs donn\u00e9es en envoyant leur demande \u00e0 l&rsquo;adresse postale indiqu\u00e9e ou \u00e0 l&rsquo;adresse \u00e9lectronique INFO@DIVEACADEMY-SANTAPOLA.COM.  <\/p>\n<p>Pour exercer vos droits, vous devez vous identifier en pr\u00e9sentant votre carte d&rsquo;identit\u00e9.<br \/>\nPour toute r\u00e9clamation, vous pouvez contacter la m\u00eame adresse \u00e9lectronique que celle indiqu\u00e9e ci-dessus. Vous pouvez \u00e9galement contacter l&rsquo;Agence espagnole de protection des donn\u00e9es : <a href=\"http:\/\/www.aepd.es\/\" target=\"_blank\" rel=\"noopener\">www.aepd.es<\/a> <\/p>\n<h2 class=\"wp-block-heading\"><strong>Hotjar<\/strong><\/h2>\n<p>Nous utilisons Hotjar pour mieux comprendre les besoins de nos utilisateurs et optimiser ce service et cette exp\u00e9rience. Hotjar est un service technologique qui nous aide \u00e0 mieux comprendre l&rsquo;exp\u00e9rience de nos utilisateurs (par exemple, le temps qu&rsquo;ils passent sur les pages, les liens sur lesquels ils choisissent de cliquer, ce que les utilisateurs aiment et n&rsquo;aiment pas, etc. Hotjar utilise des cookies et d&rsquo;autres technologies pour collecter des donn\u00e9es sur le comportement de nos utilisateurs et de leurs appareils. Il s&rsquo;agit notamment de l&rsquo;adresse IP d&rsquo;un appareil (trait\u00e9e pendant votre session et stock\u00e9e de mani\u00e8re anonyme), de la taille de l&rsquo;\u00e9cran de l&rsquo;appareil, du type d&rsquo;appareil (identifiants uniques de l&rsquo;appareil), des informations sur le navigateur, de la localisation g\u00e9ographique (pays uniquement) et de la langue pr\u00e9f\u00e9r\u00e9e utilis\u00e9e pour afficher notre site web. Hotjar stocke ces informations en notre nom dans un profil d&rsquo;utilisateur pseudonymis\u00e9. Il est contractuellement interdit \u00e0 Hotjar de vendre les donn\u00e9es collect\u00e9es en notre nom.     <\/p>\n<p>Pour plus de d\u00e9tails, voir la section \u00ab\u00a0\u00e0 propos de Hotjar\u00a0\u00bb du site d&rsquo;<a href=\"https:\/\/www.hotjar.com\/es\/acerca-de-hotjar\/\" target=\"_blank\" rel=\"noreferrer noopener\">assistance de Hotjar<\/a>.<\/p>\n","protected":false},"excerpt":{"rendered":"<p>Informations sur le propri\u00e9taire du site MULTIAVENTURA SANTA POLA, SL, CALLE MARINA MIRAMA PUERTO DEPORT 2, SANTA POLA (ALICANTE), 03130 [&hellip;]<\/p>\n","protected":false},"author":1,"featured_media":0,"parent":0,"menu_order":0,"comment_status":"closed","ping_status":"closed","template":"","meta":{"site-sidebar-layout":"default","site-content-layout":"","ast-site-content-layout":"default","site-content-style":"default","site-sidebar-style":"default","ast-global-header-display":"","ast-banner-title-visibility":"","ast-main-header-display":"","ast-hfb-above-header-display":"","ast-hfb-below-header-display":"","ast-hfb-mobile-header-display":"","site-post-title":"","ast-breadcrumbs-content":"","ast-featured-img":"","footer-sml-layout":"","ast-disable-related-posts":"","theme-transparent-header-meta":"default","adv-header-id-meta":"","stick-header-meta":"","header-above-stick-meta":"","header-main-stick-meta":"","header-below-stick-meta":"","astra-migrate-meta-layouts":"set","ast-page-background-enabled":"default","ast-page-background-meta":{"desktop":{"background-color":"var(--ast-global-color-5)","background-image":"","background-repeat":"repeat","background-position":"center center","background-size":"auto","background-attachment":"scroll","background-type":"","background-media":"","overlay-type":"","overlay-color":"","overlay-opacity":"","overlay-gradient":""},"tablet":{"background-color":"","background-image":"","background-repeat":"repeat","background-position":"center center","background-size":"auto","background-attachment":"scroll","background-type":"","background-media":"","overlay-type":"","overlay-color":"","overlay-opacity":"","overlay-gradient":""},"mobile":{"background-color":"","background-image":"","background-repeat":"repeat","background-position":"center center","background-size":"auto","background-attachment":"scroll","background-type":"","background-media":"","overlay-type":"","overlay-color":"","overlay-opacity":"","overlay-gradient":""}},"ast-content-background-meta":{"desktop":{"background-color":"var(--ast-global-color-4)","background-image":"","background-repeat":"repeat","background-position":"center center","background-size":"auto","background-attachment":"scroll","background-type":"","background-media":"","overlay-type":"","overlay-color":"","overlay-opacity":"","overlay-gradient":""},"tablet":{"background-color":"var(--ast-global-color-4)","background-image":"","background-repeat":"repeat","background-position":"center center","background-size":"auto","background-attachment":"scroll","background-type":"","background-media":"","overlay-type":"","overlay-color":"","overlay-opacity":"","overlay-gradient":""},"mobile":{"background-color":"var(--ast-global-color-4)","background-image":"","background-repeat":"repeat","background-position":"center center","background-size":"auto","background-attachment":"scroll","background-type":"","background-media":"","overlay-type":"","overlay-color":"","overlay-opacity":"","overlay-gradient":""}},"footnotes":""},"class_list":["post-11128","page","type-page","status-publish","hentry"],"_links":{"self":[{"href":"https:\/\/puraventuraspain.com\/fr\/wp-json\/wp\/v2\/pages\/11128","targetHints":{"allow":["GET"]}}],"collection":[{"href":"https:\/\/puraventuraspain.com\/fr\/wp-json\/wp\/v2\/pages"}],"about":[{"href":"https:\/\/puraventuraspain.com\/fr\/wp-json\/wp\/v2\/types\/page"}],"author":[{"embeddable":true,"href":"https:\/\/puraventuraspain.com\/fr\/wp-json\/wp\/v2\/users\/1"}],"replies":[{"embeddable":true,"href":"https:\/\/puraventuraspain.com\/fr\/wp-json\/wp\/v2\/comments?post=11128"}],"version-history":[{"count":2,"href":"https:\/\/puraventuraspain.com\/fr\/wp-json\/wp\/v2\/pages\/11128\/revisions"}],"predecessor-version":[{"id":11906,"href":"https:\/\/puraventuraspain.com\/fr\/wp-json\/wp\/v2\/pages\/11128\/revisions\/11906"}],"wp:attachment":[{"href":"https:\/\/puraventuraspain.com\/fr\/wp-json\/wp\/v2\/media?parent=11128"}],"curies":[{"name":"wp","href":"https:\/\/api.w.org\/{rel}","templated":true}]}}