{"id":10829,"date":"2025-06-02T06:19:14","date_gmt":"2025-06-02T04:19:14","guid":{"rendered":"https:\/\/puraventuraspain.com\/conditions-generales-dutilisation\/"},"modified":"2026-05-07T12:30:49","modified_gmt":"2026-05-07T10:30:49","slug":"conditions-generales-dutilisation","status":"publish","type":"page","link":"https:\/\/puraventuraspain.com\/fr\/conditions-generales-dutilisation\/","title":{"rendered":"Conditions g\u00e9n\u00e9rales d&rsquo;utilisation"},"content":{"rendered":"<p><strong>CONSENTEMENTS POUR LES FORMULAIRES <\/strong><\/p>\n<p><strong>FORMULAIRE DE DEMANDE D&rsquo;INFORMATION <\/strong><\/p>\n<p>Les donn\u00e9es fournies par le biais de ce formulaire seront trait\u00e9es par MULTIAVENTURA SANTA POLA, S.L. B42703918 domicili\u00e9e \u00e0 PT MARINA MIRAMAR No 3, SANTA POLA (ALICANTE), 03130 conform\u00e9ment aux dispositions de notre politique de confidentialit\u00e9 ( <em>hyperlien <\/em>) afin de vous envoyer des informations sur nos produits \/ services.<\/p>\n<p>Les donn\u00e9es collect\u00e9es par le biais de ce formulaire ne seront pas transmises \u00e0 des tiers, sauf en cas d&rsquo;obligation l\u00e9gale.<\/p>\n<p>Nous vous rappelons que vous disposez d&rsquo;un droit d&rsquo;acc\u00e8s, de rectification, de limitation du traitement, d&rsquo;effacement, de portabilit\u00e9 et d&rsquo;opposition au traitement de vos donn\u00e9es en adressant votre demande \u00e0 l&rsquo;adresse postale indiqu\u00e9e ou \u00e0 l&rsquo;adresse \u00e9lectronique INFO@DIVEACADEMY-SANTAPOLA.COM. Vous pouvez \u00e9galement nous contacter pour toute pr\u00e9cision compl\u00e9mentaire.<\/p>\n<p>En cas de refus, vos donn\u00e9es ne seront pas trait\u00e9es.<\/p>\n<p><strong>FORMULAIRE D&rsquo;ACHAT <\/strong><\/p>\n<p>Les donn\u00e9es fournies par le biais de ce formulaire seront trait\u00e9es par MULTIAVENTURA SANTA POLA, S.L. B42703918 domicili\u00e9e \u00e0 PT MARINA MIRAMAR No 3, SANTA POLA (ALICANTE), 03130 conform\u00e9ment aux dispositions de notre politique de confidentialit\u00e9 ( <em>hyperlink <\/em>) afin de r\u00e9pondre \u00e0 votre demande, de vous envoyer nos produits \/ services, de pr\u00e9parer les factures correspondantes, d&rsquo;assurer le suivi de vos commandes et de toute autre \u00e9tape d\u00e9coulant de la relation contractuelle.<\/p>\n<p>Les donn\u00e9es collect\u00e9es par le biais de ce formulaire ne seront pas transmises \u00e0 des tiers, sauf en cas d&rsquo;obligation l\u00e9gale.<\/p>\n<p>Nous vous rappelons que vous disposez d&rsquo;un droit d&rsquo;acc\u00e8s, de rectification, de limitation du traitement, d&rsquo;effacement, de portabilit\u00e9 et d&rsquo;opposition au traitement de vos donn\u00e9es en adressant votre demande \u00e0 l&rsquo;adresse postale indiqu\u00e9e ou \u00e0 l&rsquo;adresse \u00e9lectronique INFO@DIVEACADEMY-SANTAPOLA.COM. Vous pouvez \u00e9galement nous contacter pour toute pr\u00e9cision compl\u00e9mentaire.<\/p>\n<p>En cas de refus, vos donn\u00e9es ne seront pas trait\u00e9es.<\/p>\n","protected":false},"excerpt":{"rendered":"<p>CONSENTEMENTS POUR LES FORMULAIRES FORMULAIRE DE DEMANDE D&rsquo;INFORMATION Les donn\u00e9es fournies par le biais de ce formulaire seront trait\u00e9es par [&hellip;]<\/p>\n","protected":false},"author":1,"featured_media":0,"parent":0,"menu_order":0,"comment_status":"closed","ping_status":"closed","template":"","meta":{"site-sidebar-layout":"default","site-content-layout":"","ast-site-content-layout":"default","site-content-style":"default","site-sidebar-style":"default","ast-global-header-display":"","ast-banner-title-visibility":"","ast-main-header-display":"","ast-hfb-above-header-display":"","ast-hfb-below-header-display":"","ast-hfb-mobile-header-display":"","site-post-title":"","ast-breadcrumbs-content":"","ast-featured-img":"","footer-sml-layout":"","ast-disable-related-posts":"","theme-transparent-header-meta":"default","adv-header-id-meta":"","stick-header-meta":"","header-above-stick-meta":"","header-main-stick-meta":"","header-below-stick-meta":"","astra-migrate-meta-layouts":"set","ast-page-background-enabled":"default","ast-page-background-meta":{"desktop":{"background-color":"var(--ast-global-color-5)","background-image":"","background-repeat":"repeat","background-position":"center center","background-size":"auto","background-attachment":"scroll","background-type":"","background-media":"","overlay-type":"","overlay-color":"","overlay-opacity":"","overlay-gradient":""},"tablet":{"background-color":"","background-image":"","background-repeat":"repeat","background-position":"center center","background-size":"auto","background-attachment":"scroll","background-type":"","background-media":"","overlay-type":"","overlay-color":"","overlay-opacity":"","overlay-gradient":""},"mobile":{"background-color":"","background-image":"","background-repeat":"repeat","background-position":"center center","background-size":"auto","background-attachment":"scroll","background-type":"","background-media":"","overlay-type":"","overlay-color":"","overlay-opacity":"","overlay-gradient":""}},"ast-content-background-meta":{"desktop":{"background-color":"var(--ast-global-color-4)","background-image":"","background-repeat":"repeat","background-position":"center center","background-size":"auto","background-attachment":"scroll","background-type":"","background-media":"","overlay-type":"","overlay-color":"","overlay-opacity":"","overlay-gradient":""},"tablet":{"background-color":"var(--ast-global-color-4)","background-image":"","background-repeat":"repeat","background-position":"center center","background-size":"auto","background-attachment":"scroll","background-type":"","background-media":"","overlay-type":"","overlay-color":"","overlay-opacity":"","overlay-gradient":""},"mobile":{"background-color":"var(--ast-global-color-4)","background-image":"","background-repeat":"repeat","background-position":"center center","background-size":"auto","background-attachment":"scroll","background-type":"","background-media":"","overlay-type":"","overlay-color":"","overlay-opacity":"","overlay-gradient":""}},"footnotes":""},"class_list":["post-10829","page","type-page","status-publish","hentry"],"_links":{"self":[{"href":"https:\/\/puraventuraspain.com\/fr\/wp-json\/wp\/v2\/pages\/10829","targetHints":{"allow":["GET"]}}],"collection":[{"href":"https:\/\/puraventuraspain.com\/fr\/wp-json\/wp\/v2\/pages"}],"about":[{"href":"https:\/\/puraventuraspain.com\/fr\/wp-json\/wp\/v2\/types\/page"}],"author":[{"embeddable":true,"href":"https:\/\/puraventuraspain.com\/fr\/wp-json\/wp\/v2\/users\/1"}],"replies":[{"embeddable":true,"href":"https:\/\/puraventuraspain.com\/fr\/wp-json\/wp\/v2\/comments?post=10829"}],"version-history":[{"count":1,"href":"https:\/\/puraventuraspain.com\/fr\/wp-json\/wp\/v2\/pages\/10829\/revisions"}],"predecessor-version":[{"id":13203,"href":"https:\/\/puraventuraspain.com\/fr\/wp-json\/wp\/v2\/pages\/10829\/revisions\/13203"}],"wp:attachment":[{"href":"https:\/\/puraventuraspain.com\/fr\/wp-json\/wp\/v2\/media?parent=10829"}],"curies":[{"name":"wp","href":"https:\/\/api.w.org\/{rel}","templated":true}]}}