{"id":10333,"date":"2025-05-06T11:22:12","date_gmt":"2025-05-06T09:22:12","guid":{"rendered":"https:\/\/puraventuraspain.com\/aventures-dans-le-ciel\/parapente\/"},"modified":"2025-06-07T13:32:56","modified_gmt":"2025-06-07T11:32:56","slug":"parapente","status":"publish","type":"page","link":"https:\/\/puraventuraspain.com\/fr\/aventures-dans-le-ciel\/parapente\/","title":{"rendered":"Parapente"},"content":{"rendered":"\t\t<div data-elementor-type=\"wp-page\" data-elementor-id=\"10333\" class=\"elementor elementor-10333 elementor-992\" data-elementor-post-type=\"page\">\n\t\t\t\t<div class=\"elementor-element elementor-element-d340c19 e-flex e-con-boxed e-con e-parent\" data-id=\"d340c19\" data-element_type=\"container\" data-e-type=\"container\" data-settings=\"{&quot;background_background&quot;:&quot;classic&quot;}\">\n\t\t\t\t\t<div class=\"e-con-inner\">\n\t\t<div class=\"elementor-element elementor-element-8c0450e e-con-full e-flex e-con e-child\" data-id=\"8c0450e\" data-element_type=\"container\" data-e-type=\"container\">\n\t\t\t\t<div class=\"elementor-element elementor-element-d8bd37d elementor-widget elementor-widget-eael-breadcrumbs\" data-id=\"d8bd37d\" data-element_type=\"widget\" data-e-type=\"widget\" data-widget_type=\"eael-breadcrumbs.default\">\n\t\t\t\t<div class=\"elementor-widget-container\">\n\t\t\t\t\t\t\t<div class=\"eael-breadcrumbs\">\n\t\t\t<div class=\"eael-breadcrumbs__content\"><a href=\"https:\/\/puraventuraspain.com\/fr\/\">Inicio<\/a> <span class=\"eael-breadcrumb-separator\">\/<\/span> <span class = \"eael-current\">Page<\/span><\/div>\t\t<\/div>\n\t\t\t\t\t\t<\/div>\n\t\t\t\t<\/div>\n\t\t\t\t<\/div>\n\t\t<div class=\"elementor-element elementor-element-6ba5030 e-con-full e-flex e-con e-child\" data-id=\"6ba5030\" data-element_type=\"container\" data-e-type=\"container\" data-settings=\"{&quot;background_background&quot;:&quot;classic&quot;}\">\n\t\t<div class=\"elementor-element elementor-element-dc00a06 e-con-full e-flex e-con e-child\" data-id=\"dc00a06\" data-element_type=\"container\" data-e-type=\"container\" data-settings=\"{&quot;background_background&quot;:&quot;classic&quot;}\">\n\t\t\t\t<\/div>\n\t\t<div class=\"elementor-element elementor-element-32f5238 e-con-full e-flex e-con e-child\" data-id=\"32f5238\" data-element_type=\"container\" data-e-type=\"container\">\n\t\t<div class=\"elementor-element elementor-element-501fbb8 e-con-full e-flex e-con e-child\" data-id=\"501fbb8\" data-element_type=\"container\" data-e-type=\"container\" data-settings=\"{&quot;background_background&quot;:&quot;classic&quot;}\">\n\t\t\t\t<\/div>\n\t\t<div class=\"elementor-element elementor-element-9cd1da2 e-con-full e-flex e-con e-child\" data-id=\"9cd1da2\" data-element_type=\"container\" data-e-type=\"container\" data-settings=\"{&quot;background_background&quot;:&quot;classic&quot;}\">\n\t\t\t\t<\/div>\n\t\t\t\t<\/div>\n\t\t<div class=\"elementor-element elementor-element-807c005 e-con-full e-flex e-con e-child\" data-id=\"807c005\" data-element_type=\"container\" data-e-type=\"container\" data-settings=\"{&quot;background_background&quot;:&quot;classic&quot;}\">\n\t\t\t\t<\/div>\n\t\t\t\t<\/div>\n\t\t\t\t\t<\/div>\n\t\t\t\t<\/div>\n\t\t<div class=\"elementor-element elementor-element-e69037f e-flex e-con-boxed e-con e-parent\" data-id=\"e69037f\" data-element_type=\"container\" data-e-type=\"container\" data-settings=\"{&quot;background_background&quot;:&quot;classic&quot;}\">\n\t\t\t\t\t<div class=\"e-con-inner\">\n\t\t<div class=\"elementor-element elementor-element-494fe81 e-con-full e-flex e-con e-child\" data-id=\"494fe81\" data-element_type=\"container\" data-e-type=\"container\">\n\t\t\t\t<div class=\"elementor-element elementor-element-7c7eeef elementor-widget elementor-widget-heading\" data-id=\"7c7eeef\" data-element_type=\"widget\" data-e-type=\"widget\" data-widget_type=\"heading.default\">\n\t\t\t\t\t<h1 class=\"elementor-heading-title elementor-size-default\">Parapente<\/h1>\t\t\t\t<\/div>\n\t\t\t\t<div class=\"elementor-element elementor-element-7d8faa2 elementor-widget elementor-widget-heading\" data-id=\"7d8faa2\" data-element_type=\"widget\" data-e-type=\"widget\" data-widget_type=\"heading.default\">\n\t\t\t\t\t<h2 class=\"elementor-heading-title elementor-size-default\">Cap de Santa Pola et Palomaret<\/h2>\t\t\t\t<\/div>\n\t\t\t\t<\/div>\n\t\t<div class=\"elementor-element elementor-element-3ad29bb e-con-full e-flex e-con e-child\" data-id=\"3ad29bb\" data-element_type=\"container\" data-e-type=\"container\">\n\t\t\t\t<div class=\"elementor-element elementor-element-bd0971c elementor-widget elementor-widget-heading\" data-id=\"bd0971c\" data-element_type=\"widget\" data-e-type=\"widget\" data-widget_type=\"heading.default\">\n\t\t\t\t\t<h2 class=\"elementor-heading-title elementor-size-default\">Parapente<\/h2>\t\t\t\t<\/div>\n\t\t\t\t<div class=\"elementor-element elementor-element-af1e3a5 elementor-widget elementor-widget-heading\" data-id=\"af1e3a5\" data-element_type=\"widget\" data-e-type=\"widget\" data-widget_type=\"heading.default\">\n\t\t\t\t\t<h2 class=\"elementor-heading-title elementor-size-default\">70\u20ac<\/h2>\t\t\t\t<\/div>\n\t\t\t\t<\/div>\n\t\t<div class=\"elementor-element elementor-element-b4649d3 e-con-full e-flex e-con e-child\" data-id=\"b4649d3\" data-element_type=\"container\" data-e-type=\"container\">\n\t\t\t\t<div class=\"elementor-element elementor-element-c0fe049 elementor-widget elementor-widget-heading\" data-id=\"c0fe049\" data-element_type=\"widget\" data-e-type=\"widget\" data-widget_type=\"heading.default\">\n\t\t\t\t\t<h2 class=\"elementor-heading-title elementor-size-default\">Photos et vid\u00e9os<\/h2>\t\t\t\t<\/div>\n\t\t\t\t<div class=\"elementor-element elementor-element-33a7ee8 elementor-widget elementor-widget-heading\" data-id=\"33a7ee8\" data-element_type=\"widget\" data-e-type=\"widget\" data-widget_type=\"heading.default\">\n\t\t\t\t\t<h2 class=\"elementor-heading-title elementor-size-default\">Gratuit<\/h2>\t\t\t\t<\/div>\n\t\t\t\t<div class=\"elementor-element elementor-element-2b7060e elementor-widget elementor-widget-text-editor\" data-id=\"2b7060e\" data-element_type=\"widget\" data-e-type=\"widget\" data-widget_type=\"text-editor.default\">\n\t\t\t\t\t\t\t\t\t<p>Vous devez apporter une carte m\u00e9moire Micro SD ou l&rsquo;acheter ici pour 10\u20ac.<\/p>\t\t\t\t\t\t\t\t<\/div>\n\t\t\t\t<\/div>\n\t\t\t\t\t<\/div>\n\t\t\t\t<\/div>\n\t\t<div class=\"elementor-element elementor-element-410ade0 e-flex e-con-boxed e-con e-parent\" data-id=\"410ade0\" data-element_type=\"container\" data-e-type=\"container\" data-settings=\"{&quot;background_background&quot;:&quot;classic&quot;}\">\n\t\t\t\t\t<div class=\"e-con-inner\">\n\t\t<div class=\"elementor-element elementor-element-421eda2 e-con-full e-flex e-con e-child\" data-id=\"421eda2\" data-element_type=\"container\" data-e-type=\"container\">\n\t\t\t\t<div class=\"elementor-element elementor-element-b32ac6f elementor-widget-divider--view-line elementor-widget elementor-widget-divider\" data-id=\"b32ac6f\" data-element_type=\"widget\" data-e-type=\"widget\" data-widget_type=\"divider.default\">\n\t\t\t\t\t\t\t<div class=\"elementor-divider\">\n\t\t\t<span class=\"elementor-divider-separator\">\n\t\t\t\t\t\t<\/span>\n\t\t<\/div>\n\t\t\t\t\t\t<\/div>\n\t\t\t\t<\/div>\n\t\t<div class=\"elementor-element elementor-element-1c6fbe3 e-con-full e-flex e-con e-child\" data-id=\"1c6fbe3\" data-element_type=\"container\" data-e-type=\"container\">\n\t\t<div class=\"elementor-element elementor-element-c95171d e-con-full e-flex e-con e-child\" data-id=\"c95171d\" data-element_type=\"container\" data-e-type=\"container\">\n\t\t<div class=\"elementor-element elementor-element-0ccc3e9 e-con-full e-flex e-con e-child\" data-id=\"0ccc3e9\" data-element_type=\"container\" data-e-type=\"container\">\n\t\t\t\t<div class=\"elementor-element elementor-element-ae9e84f elementor-widget elementor-widget-heading\" data-id=\"ae9e84f\" data-element_type=\"widget\" data-e-type=\"widget\" data-widget_type=\"heading.default\">\n\t\t\t\t\t<h2 class=\"elementor-heading-title elementor-size-default\">Description<\/h2>\t\t\t\t<\/div>\n\t\t\t\t<div class=\"elementor-element elementor-element-278aeeb elementor-widget elementor-widget-text-editor\" data-id=\"278aeeb\" data-element_type=\"widget\" data-e-type=\"widget\" data-widget_type=\"text-editor.default\">\n\t\t\t\t\t\t\t\t\t<p>Essayez le parapente et vivez la sensation inoubliable de voler dans l&rsquo;une des meilleures r\u00e9gions d&rsquo;Europe. En d\u00e9tail, le parapente c&rsquo;est ressentir une grande libert\u00e9, avoir le monde \u00e0 ses pieds, le frisson de se lancer dans une nouvelle aventure pleine de plaisir et d&rsquo;adr\u00e9naline. <\/p><p> <\/p><p>Nous volons en parapente biplace, o\u00f9 vous serez toujours accompagn\u00e9 d&rsquo;un instructeur qualifi\u00e9. De plus, l&rsquo;activit\u00e9 peut \u00eatre pratiqu\u00e9e par tout le monde, m\u00eame les enfants. <\/p>\t\t\t\t\t\t\t\t<\/div>\n\t\t\t\t<\/div>\n\t\t<div class=\"elementor-element elementor-element-2f3e94d e-con-full e-flex e-con e-child\" data-id=\"2f3e94d\" data-element_type=\"container\" data-e-type=\"container\">\n\t\t\t\t<div class=\"elementor-element elementor-element-0c4ed30 elementor-widget elementor-widget-heading\" data-id=\"0c4ed30\" data-element_type=\"widget\" data-e-type=\"widget\" data-widget_type=\"heading.default\">\n\t\t\t\t\t<h2 class=\"elementor-heading-title elementor-size-default\">O\u00f9 se d\u00e9roule l'activit\u00e9 ?<\/h2>\t\t\t\t<\/div>\n\t\t\t\t<div class=\"elementor-element elementor-element-9aee477 elementor-widget elementor-widget-text-editor\" data-id=\"9aee477\" data-element_type=\"widget\" data-e-type=\"widget\" data-widget_type=\"text-editor.default\">\n\t\t\t\t\t\t\t\t\t<p>\u00c0 Alicante, il existe deux zones pour cette activit\u00e9. L&rsquo;une d&rsquo;entre elles est le Cabo de Santa Pola et l&rsquo;autre est une zone int\u00e9rieure appel\u00e9e Palomaret. Les deux zones sont des vols diff\u00e9rents, mais elles sont toutes deux tr\u00e8s belles.  <\/p><p> <\/p><p><strong>Cabo de Santa Pola :<\/strong> Cette exp\u00e9rience de parapente est un vol c\u00f4tier au-dessus de la mer. Il s&rsquo;agit d&rsquo;un vol paisible et tr\u00e8s agr\u00e9able qui vous laissera sans aucun doute un grand sourire de bonheur. <\/p><p><strong>Palomaret : <\/strong>Il s&rsquo;agit d&rsquo;un vol int\u00e9rieur en parapente dans la vall\u00e9e d&rsquo;Agost, o\u00f9 nous profiterons d&rsquo;un vol \u00e0 plus haute altitude, o\u00f9 nous trouverons les thermiques qui nous permettront de continuer \u00e0 monter et de profiter du magnifique paysage entre les montagnes et les vall\u00e9es.<\/p><p> <\/p><p>La dur\u00e9e du vol est comprise entre <strong>20 et 30 minutes<\/strong>, ce qui est suffisant car l&rsquo;activit\u00e9 est intense. Cette dur\u00e9e peut varier l\u00e9g\u00e8rement en fonction des courants a\u00e9riens. <\/p><p>Il est possible de voler \u00e0 plusieurs en m\u00eame temps (avec plusieurs instructeurs) et de voler en regardant l&rsquo;immense bleu.<\/p>\t\t\t\t\t\t\t\t<\/div>\n\t\t\t\t<\/div>\n\t\t<div class=\"elementor-element elementor-element-a940239 e-con-full e-flex e-con e-child\" data-id=\"a940239\" data-element_type=\"container\" data-e-type=\"container\">\n\t\t\t\t<div class=\"elementor-element elementor-element-e5ad6d3 elementor-widget elementor-widget-heading\" data-id=\"e5ad6d3\" data-element_type=\"widget\" data-e-type=\"widget\" data-widget_type=\"heading.default\">\n\t\t\t\t\t<h2 class=\"elementor-heading-title elementor-size-default\">Que dois-je emporter ?<\/h2>\t\t\t\t<\/div>\n\t\t\t\t<div class=\"elementor-element elementor-element-f2aebf7 elementor-widget elementor-widget-text-editor\" data-id=\"f2aebf7\" data-element_type=\"widget\" data-e-type=\"widget\" data-widget_type=\"text-editor.default\">\n\t\t\t\t\t\t\t\t\t<p>Il est conseill\u00e9 de porter des v\u00eatements confortables et, pendant le vol, une polaire ou une veste, surtout en automne et en hiver. En ce qui concerne les chaussures, des chaussures de randonn\u00e9e ou des baskets, nous vous fournirons des gants et un casque. <\/p>\t\t\t\t\t\t\t\t<\/div>\n\t\t\t\t<\/div>\n\t\t<div class=\"elementor-element elementor-element-77766b8 e-con-full e-flex e-con e-child\" data-id=\"77766b8\" data-element_type=\"container\" data-e-type=\"container\">\n\t\t\t\t<div class=\"elementor-element elementor-element-5183a84 elementor-widget elementor-widget-heading\" data-id=\"5183a84\" data-element_type=\"widget\" data-e-type=\"widget\" data-widget_type=\"heading.default\">\n\t\t\t\t\t<h2 class=\"elementor-heading-title elementor-size-default\">Photos ou vid\u00e9os<\/h2>\t\t\t\t<\/div>\n\t\t\t\t<div class=\"elementor-element elementor-element-84bc7f4 elementor-widget elementor-widget-text-editor\" data-id=\"84bc7f4\" data-element_type=\"widget\" data-e-type=\"widget\" data-widget_type=\"text-editor.default\">\n\t\t\t\t\t\t\t\t\t<p>Si vous souhaitez emporter un reportage photo ou vid\u00e9o, nous vous expliquerons comment manipuler l&rsquo;appareil photo pendant le vol. Vous garderez ainsi des souvenirs inoubliables. <\/p><p> <\/p><p>Les photos sont incluses dans le prix ! Il vous suffit de vous munir d&rsquo;une carte m\u00e9moire Micro SD le jour de l&rsquo;activit\u00e9 pour pouvoir les emporter sur place. <\/p>\t\t\t\t\t\t\t\t<\/div>\n\t\t\t\t<\/div>\n\t\t\t\t<\/div>\n\t\t<div class=\"elementor-element elementor-element-1b8d14e e-con-full e-flex e-con e-child\" data-id=\"1b8d14e\" data-element_type=\"container\" data-e-type=\"container\">\n\t\t<div class=\"elementor-element elementor-element-62d782f e-con-full e-flex e-con e-child\" data-id=\"62d782f\" data-element_type=\"container\" data-e-type=\"container\">\n\t\t\t\t<div class=\"elementor-element elementor-element-475a762 elementor-widget-mobile__width-initial elementor-widget elementor-widget-heading\" data-id=\"475a762\" data-element_type=\"widget\" data-e-type=\"widget\" data-widget_type=\"heading.default\">\n\t\t\t\t\t<h2 class=\"elementor-heading-title elementor-size-default\">Besoin d'aide ?<\/h2>\t\t\t\t<\/div>\n\t\t\t\t<div class=\"elementor-element elementor-element-1db34a2 eael-wpforms-form-button-full-width eael-wpforms-labels-yes elementor-widget elementor-widget-eael-wpforms\" data-id=\"1db34a2\" data-element_type=\"widget\" data-e-type=\"widget\" data-widget_type=\"eael-wpforms.default\">\n\t\t\t\t\t            <div class=\"eael-contact-form eael-wpforms eael-wpforms-align-default\">\n                                <div class=\"wpforms-container wpforms-container-full wpforms-render-modern\" id=\"wpforms-10727\"><form id=\"wpforms-form-10727\" class=\"wpforms-validate wpforms-form wpforms-ajax-form\" data-formid=\"10727\" method=\"post\" enctype=\"multipart\/form-data\" action=\"\/fr\/wp-json\/wp\/v2\/pages\/10333\" data-token=\"7f68c200f3696901c5128f91b9be1e28\" data-token-time=\"1776481718\"><div class=\"wpforms-head-container\"><\/div><noscript class=\"wpforms-error-noscript\">Veuillez activer JavaScript dans votre navigateur pour remplir ce formulaire.<\/noscript><div id=\"wpforms-error-noscript\" style=\"display: none;\">Veuillez activer JavaScript dans votre navigateur pour remplir ce formulaire.<\/div><div class=\"wpforms-field-container\">\t\t<div id=\"wpforms-10727-field_7-container\"\n\t\t\tclass=\"wpforms-field wpforms-field-text\"\n\t\t\tdata-field-type=\"text\"\n\t\t\tdata-field-id=\"7\"\n\t\t\t>\n\t\t\t<label class=\"wpforms-field-label\" for=\"wpforms-10727-field_7\" >Acuerdo Mensaje Correo<\/label>\n\t\t\t<input type=\"text\" id=\"wpforms-10727-field_7\" class=\"wpforms-field-medium\" name=\"wpforms[fields][7]\" >\n\t\t<\/div>\n\t\t<div id=\"wpforms-10727-field_1-container\" class=\"wpforms-field wpforms-field-name\" data-field-id=\"1\"><label class=\"wpforms-field-label\" for=\"wpforms-10727-field_1\">Nombre <span class=\"wpforms-required-label\" aria-hidden=\"true\">*<\/span><\/label><input type=\"text\" id=\"wpforms-10727-field_1\" class=\"wpforms-field-large wpforms-field-required\" name=\"wpforms[fields][1]\" placeholder=\"Escribe tu nombre\" aria-errormessage=\"wpforms-10727-field_1-error\" required><\/div><div id=\"wpforms-10727-field_2-container\" class=\"wpforms-field wpforms-field-email\" data-field-id=\"2\"><label class=\"wpforms-field-label\" for=\"wpforms-10727-field_2\">Correo <span class=\"wpforms-required-label\" aria-hidden=\"true\">*<\/span><\/label><input type=\"email\" id=\"wpforms-10727-field_2\" class=\"wpforms-field-large wpforms-field-required\" name=\"wpforms[fields][2]\" placeholder=\"tucorreo@tucorreo.com\" spellcheck=\"false\" aria-errormessage=\"wpforms-10727-field_2-error\" required><\/div><div id=\"wpforms-10727-field_3-container\" class=\"wpforms-field wpforms-field-phone\" data-field-id=\"3\"><label class=\"wpforms-field-label\" for=\"wpforms-10727-field_3\">Tel\u00e9fono<\/label><input type=\"tel\" id=\"wpforms-10727-field_3\" class=\"wpforms-field-large wpforms-smart-phone-field\" data-rule-smart-phone-field=\"true\" name=\"wpforms[fields][3]\" placeholder=\"123 456 789\" aria-label=\"Tel\u00e9fono\" aria-errormessage=\"wpforms-10727-field_3-error\" ><\/div><div id=\"wpforms-10727-field_4-container\" class=\"wpforms-field wpforms-field-textarea\" data-field-id=\"4\"><label class=\"wpforms-field-label\" for=\"wpforms-10727-field_4\">Mensaje<\/label><textarea id=\"wpforms-10727-field_4\" class=\"wpforms-field-medium\" name=\"wpforms[fields][4]\" placeholder=\"\u00bfC\u00f3mo podemos ayudarte?\" aria-errormessage=\"wpforms-10727-field_4-error\" ><\/textarea><\/div><div id=\"wpforms-10727-field_6-container\" class=\"wpforms-field wpforms-field-captcha\" data-field-id=\"6\"><label class=\"wpforms-field-label\" for=\"wpforms-10727-field_6\">Resuelve: <span class=\"wpforms-required-label\" aria-hidden=\"true\">*<\/span><\/label>\t\t\t<div class=\"wpforms-captcha-math\">\n\t\t\t\t<span id=\"wpforms-10727-field_6-question\" class=\"wpforms-captcha-equation\">\n\t\t\t\t\t<span class=\"n1\">1<\/span>\n\t\t\t\t\t\t\t<span class=\"cal\">*<\/span>\n\t\t\t\t\t\t\t<span class=\"n2\">4<\/span>\t\t\t\t\t<span class=\"e\">=<\/span>\n\t\t\t\t<\/span>\n\t\t\t\t<input type=\"text\" id=\"wpforms-10727-field_6\" class=\"wpforms-field-medium wpforms-field-required a\" data-rule-wpf-captcha=\"math\" data-is-wrapped-field=\"1\" name=\"wpforms[fields][6][a]\" aria-errormessage=\"wpforms-10727-field_6-error\" aria-describedby=\"wpforms-10727-field_6-question\" required>\t\t\t\t<input type=\"hidden\" name=\"wpforms[fields][6][cal]\" class=\"cal\">\n\t\t\t\t<input type=\"hidden\" name=\"wpforms[fields][6][n2]\" class=\"n2\">\n\t\t\t\t<input type=\"hidden\" name=\"wpforms[fields][6][n1]\" class=\"n1\">\n\t\t\t<\/div>\n\t\t\t<\/div><div id=\"wpforms-10727-field_5-container\" class=\"wpforms-field wpforms-field-gdpr-checkbox\" data-field-id=\"5\"><label class=\"wpforms-field-label\">Acuerdo RGPD <span class=\"wpforms-required-label\" aria-hidden=\"true\">*<\/span><\/label><ul id=\"wpforms-10727-field_5\" class=\"wpforms-field-required\"><li class=\"choice-1\"><input type=\"checkbox\" id=\"wpforms-10727-field_5_1\" name=\"wpforms[fields][5][]\" value=\"Doy mi consentimiento para que esta web almacene la informaci\u00f3n que env\u00edo para que puedan responder a mi petici\u00f3n.\" aria-errormessage=\"wpforms-10727-field_5_1-error\" required ><label class=\"wpforms-field-label-inline\" for=\"wpforms-10727-field_5_1\">Doy mi consentimiento para que esta web almacene la informaci\u00f3n que env\u00edo para que puedan responder a mi petici\u00f3n.<\/label><\/li><\/ul><\/div><script>\n\t\t\t\t( function() {\n\t\t\t\t\tconst style = document.createElement( 'style' );\n\t\t\t\t\tstyle.appendChild( document.createTextNode( '#wpforms-10727-field_7-container { position: absolute !important; overflow: hidden !important; display: inline !important; height: 1px !important; width: 1px !important; z-index: -1000 !important; padding: 0 !important; } #wpforms-10727-field_7-container input { visibility: hidden; } #wpforms-conversational-form-page #wpforms-10727-field_7-container label { counter-increment: none; }' ) );\n\t\t\t\t\tdocument.head.appendChild( style );\n\t\t\t\t\tdocument.currentScript?.remove();\n\t\t\t\t} )();\n\t\t\t<\/script><\/div><!-- .wpforms-field-container --><div class=\"wpforms-submit-container\" ><input type=\"hidden\" name=\"wpforms[id]\" value=\"10727\"><input type=\"hidden\" name=\"page_title\" value=\"\"><input type=\"hidden\" name=\"page_url\" value=\"https:\/\/puraventuraspain.com\/fr\/wp-json\/wp\/v2\/pages\/10333\"><input type=\"hidden\" name=\"url_referer\" value=\"\"><button type=\"submit\" name=\"wpforms[submit]\" id=\"wpforms-submit-10727\" class=\"wpforms-submit envio_form_click\" data-alt-text=\"Enviando...\" data-submit-text=\"Enviar\" aria-live=\"assertive\" value=\"wpforms-submit\">Enviar<\/button><img decoding=\"async\" src=\"https:\/\/puraventuraspain.com\/wp-content\/plugins\/wpforms\/assets\/images\/submit-spin.svg\" class=\"wpforms-submit-spinner\" style=\"display: none;\" width=\"26\" height=\"26\" alt=\"Chargement en cours\"><\/div><\/form><\/div>  <!-- .wpforms-container -->            <\/div>\n\t\t\t\t<\/div>\n\t\t\t\t<\/div>\n\t\t\t\t<\/div>\n\t\t\t\t<\/div>\n\t\t\t\t\t<\/div>\n\t\t\t\t<\/div>\n\t\t<div class=\"elementor-element elementor-element-2c791b2 e-flex e-con-boxed e-con e-parent\" data-id=\"2c791b2\" data-element_type=\"container\" data-e-type=\"container\">\n\t\t\t\t\t<div class=\"e-con-inner\">\n\t\t<div class=\"elementor-element elementor-element-13e0b6b e-con-full e-flex e-con e-child\" data-id=\"13e0b6b\" data-element_type=\"container\" data-e-type=\"container\">\n\t\t\t\t<div class=\"elementor-element elementor-element-f6c8259 elementor-align-center elementor-widget elementor-widget-button\" data-id=\"f6c8259\" data-element_type=\"widget\" data-e-type=\"widget\" data-settings=\"{&quot;sticky&quot;:&quot;bottom&quot;,&quot;sticky_offset&quot;:50,&quot;sticky_on&quot;:[&quot;desktop&quot;,&quot;tablet&quot;,&quot;mobile&quot;],&quot;sticky_effects_offset&quot;:0,&quot;sticky_anchor_link_offset&quot;:0}\" data-widget_type=\"button.default\">\n\t\t\t\t\t\t\t\t\t\t<a class=\"elementor-button elementor-button-link elementor-size-sm\" href=\"https:\/\/fareharbor.com\/embeds\/book\/puraventuraspain\/?full-items=yes&#038;flow=1364271&#038;u=6174898b-506b-4002-84ed-a5317fb14bbc&#038;from-ssl=yes&#038;ga4t=G-8Q911JNK45%2C__%3B&#038;g4=yes&#038;cp=no&#038;csp=no&#038;back=https%3A%2F%2Fpuraventuraspain.com%2Fcielo%2Fparapente%2F&#038;language=es-es\">\n\t\t\t\t\t\t<span class=\"elementor-button-content-wrapper\">\n\t\t\t\t\t\t\t\t\t<span class=\"elementor-button-text\">R\u00e9server<\/span>\n\t\t\t\t\t<\/span>\n\t\t\t\t\t<\/a>\n\t\t\t\t\t\t\t\t<\/div>\n\t\t\t\t<\/div>\n\t\t\t\t\t<\/div>\n\t\t\t\t<\/div>\n\t\t\t\t<\/div>\n\t\t","protected":false},"excerpt":{"rendered":"<p>Inicio \/ Parapente Cap de Santa Pola et Palomaret Parapente 70\u20ac Photos et vid\u00e9os Gratuit Vous devez apporter une carte [&hellip;]<\/p>\n","protected":false},"author":1,"featured_media":0,"parent":10282,"menu_order":0,"comment_status":"closed","ping_status":"closed","template":"elementor_header_footer","meta":{"site-sidebar-layout":"no-sidebar","site-content-layout":"","ast-site-content-layout":"full-width-container","site-content-style":"default","site-sidebar-style":"default","ast-global-header-display":"","ast-banner-title-visibility":"","ast-main-header-display":"","ast-hfb-above-header-display":"","ast-hfb-below-header-display":"","ast-hfb-mobile-header-display":"","site-post-title":"","ast-breadcrumbs-content":"","ast-featured-img":"disabled","footer-sml-layout":"","ast-disable-related-posts":"","theme-transparent-header-meta":"default","adv-header-id-meta":"","stick-header-meta":"","header-above-stick-meta":"","header-main-stick-meta":"","header-below-stick-meta":"","astra-migrate-meta-layouts":"default","ast-page-background-enabled":"default","ast-page-background-meta":{"desktop":{"background-color":"var(--ast-global-color-5)","background-image":"","background-repeat":"repeat","background-position":"center center","background-size":"auto","background-attachment":"scroll","background-type":"","background-media":"","overlay-type":"","overlay-color":"","overlay-opacity":"","overlay-gradient":""},"tablet":{"background-color":"","background-image":"","background-repeat":"repeat","background-position":"center center","background-size":"auto","background-attachment":"scroll","background-type":"","background-media":"","overlay-type":"","overlay-color":"","overlay-opacity":"","overlay-gradient":""},"mobile":{"background-color":"","background-image":"","background-repeat":"repeat","background-position":"center center","background-size":"auto","background-attachment":"scroll","background-type":"","background-media":"","overlay-type":"","overlay-color":"","overlay-opacity":"","overlay-gradient":""}},"ast-content-background-meta":{"desktop":{"background-color":"var(--ast-global-color-4)","background-image":"","background-repeat":"repeat","background-position":"center center","background-size":"auto","background-attachment":"scroll","background-type":"","background-media":"","overlay-type":"","overlay-color":"","overlay-opacity":"","overlay-gradient":""},"tablet":{"background-color":"var(--ast-global-color-4)","background-image":"","background-repeat":"repeat","background-position":"center center","background-size":"auto","background-attachment":"scroll","background-type":"","background-media":"","overlay-type":"","overlay-color":"","overlay-opacity":"","overlay-gradient":""},"mobile":{"background-color":"var(--ast-global-color-4)","background-image":"","background-repeat":"repeat","background-position":"center center","background-size":"auto","background-attachment":"scroll","background-type":"","background-media":"","overlay-type":"","overlay-color":"","overlay-opacity":"","overlay-gradient":""}},"footnotes":""},"class_list":["post-10333","page","type-page","status-publish","hentry"],"_links":{"self":[{"href":"https:\/\/puraventuraspain.com\/fr\/wp-json\/wp\/v2\/pages\/10333","targetHints":{"allow":["GET"]}}],"collection":[{"href":"https:\/\/puraventuraspain.com\/fr\/wp-json\/wp\/v2\/pages"}],"about":[{"href":"https:\/\/puraventuraspain.com\/fr\/wp-json\/wp\/v2\/types\/page"}],"author":[{"embeddable":true,"href":"https:\/\/puraventuraspain.com\/fr\/wp-json\/wp\/v2\/users\/1"}],"replies":[{"embeddable":true,"href":"https:\/\/puraventuraspain.com\/fr\/wp-json\/wp\/v2\/comments?post=10333"}],"version-history":[{"count":0,"href":"https:\/\/puraventuraspain.com\/fr\/wp-json\/wp\/v2\/pages\/10333\/revisions"}],"up":[{"embeddable":true,"href":"https:\/\/puraventuraspain.com\/fr\/wp-json\/wp\/v2\/pages\/10282"}],"wp:attachment":[{"href":"https:\/\/puraventuraspain.com\/fr\/wp-json\/wp\/v2\/media?parent=10333"}],"curies":[{"name":"wp","href":"https:\/\/api.w.org\/{rel}","templated":true}]}}