{"id":10278,"date":"2025-05-06T10:49:16","date_gmt":"2025-05-06T08:49:16","guid":{"rendered":"https:\/\/puraventuraspain.com\/parachute-ascensionnel\/"},"modified":"2025-08-21T11:39:03","modified_gmt":"2025-08-21T09:39:03","slug":"parachute-ascensionnel","status":"publish","type":"page","link":"https:\/\/puraventuraspain.com\/fr\/aventures-dans-leau\/parachute-ascensionnel\/","title":{"rendered":"Parachute ascensionnel"},"content":{"rendered":"\t\t<div data-elementor-type=\"wp-page\" data-elementor-id=\"10278\" class=\"elementor elementor-10278 elementor-967\" data-elementor-post-type=\"page\">\n\t\t\t\t<div class=\"elementor-element elementor-element-d340c19 e-flex e-con-boxed e-con e-parent\" data-id=\"d340c19\" data-element_type=\"container\" data-e-type=\"container\" data-settings=\"{&quot;background_background&quot;:&quot;classic&quot;}\">\n\t\t\t\t\t<div class=\"e-con-inner\">\n\t\t<div class=\"elementor-element elementor-element-8c0450e e-con-full e-flex e-con e-child\" data-id=\"8c0450e\" data-element_type=\"container\" data-e-type=\"container\">\n\t\t\t\t<div class=\"elementor-element elementor-element-d8bd37d elementor-widget elementor-widget-eael-breadcrumbs\" data-id=\"d8bd37d\" data-element_type=\"widget\" data-e-type=\"widget\" data-widget_type=\"eael-breadcrumbs.default\">\n\t\t\t\t<div class=\"elementor-widget-container\">\n\t\t\t\t\t\t\t<div class=\"eael-breadcrumbs\">\n\t\t\t<div class=\"eael-breadcrumbs__content\"><a href=\"https:\/\/puraventuraspain.com\/fr\/\">Inicio<\/a> <span class=\"eael-breadcrumb-separator\">\/<\/span> <span class = \"eael-current\">Page<\/span><\/div>\t\t<\/div>\n\t\t\t\t\t\t<\/div>\n\t\t\t\t<\/div>\n\t\t\t\t<\/div>\n\t\t<div class=\"elementor-element elementor-element-6ba5030 e-con-full e-flex e-con e-child\" data-id=\"6ba5030\" data-element_type=\"container\" data-e-type=\"container\" data-settings=\"{&quot;background_background&quot;:&quot;classic&quot;}\">\n\t\t<div class=\"elementor-element elementor-element-dc00a06 e-con-full e-flex e-con e-child\" data-id=\"dc00a06\" data-element_type=\"container\" data-e-type=\"container\" data-settings=\"{&quot;background_background&quot;:&quot;classic&quot;}\">\n\t\t\t\t<\/div>\n\t\t<div class=\"elementor-element elementor-element-32f5238 e-con-full e-flex e-con e-child\" data-id=\"32f5238\" data-element_type=\"container\" data-e-type=\"container\">\n\t\t<div class=\"elementor-element elementor-element-501fbb8 e-con-full e-flex e-con e-child\" data-id=\"501fbb8\" data-element_type=\"container\" data-e-type=\"container\" data-settings=\"{&quot;background_background&quot;:&quot;classic&quot;}\">\n\t\t\t\t<\/div>\n\t\t<div class=\"elementor-element elementor-element-9cd1da2 e-con-full e-flex e-con e-child\" data-id=\"9cd1da2\" data-element_type=\"container\" data-e-type=\"container\" data-settings=\"{&quot;background_background&quot;:&quot;classic&quot;}\">\n\t\t\t\t<\/div>\n\t\t\t\t<\/div>\n\t\t<div class=\"elementor-element elementor-element-807c005 e-con-full e-flex e-con e-child\" data-id=\"807c005\" data-element_type=\"container\" data-e-type=\"container\" data-settings=\"{&quot;background_background&quot;:&quot;classic&quot;}\">\n\t\t\t\t<\/div>\n\t\t\t\t<\/div>\n\t\t\t\t\t<\/div>\n\t\t\t\t<\/div>\n\t\t<div class=\"elementor-element elementor-element-e69037f e-flex e-con-boxed e-con e-parent\" data-id=\"e69037f\" data-element_type=\"container\" data-e-type=\"container\" data-settings=\"{&quot;background_background&quot;:&quot;classic&quot;}\">\n\t\t\t\t\t<div class=\"e-con-inner\">\n\t\t<div class=\"elementor-element elementor-element-494fe81 e-con-full e-flex e-con e-child\" data-id=\"494fe81\" data-element_type=\"container\" data-e-type=\"container\">\n\t\t\t\t<div class=\"elementor-element elementor-element-7c7eeef elementor-widget elementor-widget-heading\" data-id=\"7c7eeef\" data-element_type=\"widget\" data-e-type=\"widget\" data-widget_type=\"heading.default\">\n\t\t\t\t\t<h1 class=\"elementor-heading-title elementor-size-default\">Parachute ascensionnel<\/h1>\t\t\t\t<\/div>\n\t\t\t\t<div class=\"elementor-element elementor-element-7d8faa2 elementor-widget elementor-widget-heading\" data-id=\"7d8faa2\" data-element_type=\"widget\" data-e-type=\"widget\" data-widget_type=\"heading.default\">\n\t\t\t\t\t<h2 class=\"elementor-heading-title elementor-size-default\">Torrevieja et Santa Pola<\/h2>\t\t\t\t<\/div>\n\t\t\t\t<\/div>\n\t\t\t\t\t<\/div>\n\t\t\t\t<\/div>\n\t\t<div class=\"elementor-element elementor-element-410ade0 e-flex e-con-boxed e-con e-parent\" data-id=\"410ade0\" data-element_type=\"container\" data-e-type=\"container\" data-settings=\"{&quot;background_background&quot;:&quot;classic&quot;}\">\n\t\t\t\t\t<div class=\"e-con-inner\">\n\t\t<div class=\"elementor-element elementor-element-421eda2 e-con-full e-flex e-con e-child\" data-id=\"421eda2\" data-element_type=\"container\" data-e-type=\"container\">\n\t\t\t\t<div class=\"elementor-element elementor-element-b32ac6f elementor-widget-divider--view-line elementor-widget elementor-widget-divider\" data-id=\"b32ac6f\" data-element_type=\"widget\" data-e-type=\"widget\" data-widget_type=\"divider.default\">\n\t\t\t\t\t\t\t<div class=\"elementor-divider\">\n\t\t\t<span class=\"elementor-divider-separator\">\n\t\t\t\t\t\t<\/span>\n\t\t<\/div>\n\t\t\t\t\t\t<\/div>\n\t\t\t\t<\/div>\n\t\t<div class=\"elementor-element elementor-element-1c6fbe3 e-con-full e-flex e-con e-child\" data-id=\"1c6fbe3\" data-element_type=\"container\" data-e-type=\"container\">\n\t\t<div class=\"elementor-element elementor-element-c95171d e-con-full e-flex e-con e-child\" data-id=\"c95171d\" data-element_type=\"container\" data-e-type=\"container\">\n\t\t<div class=\"elementor-element elementor-element-0ccc3e9 e-con-full e-flex e-con e-child\" data-id=\"0ccc3e9\" data-element_type=\"container\" data-e-type=\"container\">\n\t\t\t\t<div class=\"elementor-element elementor-element-ae9e84f elementor-widget elementor-widget-heading\" data-id=\"ae9e84f\" data-element_type=\"widget\" data-e-type=\"widget\" data-widget_type=\"heading.default\">\n\t\t\t\t\t<h2 class=\"elementor-heading-title elementor-size-default\">Description<\/h2>\t\t\t\t<\/div>\n\t\t\t\t<div class=\"elementor-element elementor-element-278aeeb elementor-widget elementor-widget-text-editor\" data-id=\"278aeeb\" data-element_type=\"widget\" data-e-type=\"widget\" data-widget_type=\"text-editor.default\">\n\t\t\t\t\t\t\t\t\t<p>Le parachute ascensionnel est un type de saut en parachute o\u00f9 la personne porte un harnais reli\u00e9 \u00e0 un parachute, lui-m\u00eame attach\u00e9 \u00e0 l&rsquo;arri\u00e8re d&rsquo;un bateau. Lorsque le bateau acc\u00e9l\u00e8re, le parachute s&rsquo;\u00e9l\u00e8ve et vous volez plus haut en profitant des courants d&rsquo;air et en profitant de l&rsquo;adr\u00e9naline de l&rsquo;activit\u00e9 et des vues magnifiques sur la mer bleue et la c\u00f4te.<\/p><p>Nos parachutes sont con\u00e7us pour 5 personnes, ce qui vous permet de voler avec vos amis ou votre famille confortablement et en toute s\u00e9curit\u00e9. Profitez de chaque instant de vos vacances en parachute ascensionnel, vous ne le regretterez pas. <\/p>\t\t\t\t\t\t\t\t<\/div>\n\t\t<div class=\"elementor-element elementor-element-aa03b60 e-con-full e-flex e-con e-child\" data-id=\"aa03b60\" data-element_type=\"container\" data-e-type=\"container\">\n\t\t<div class=\"elementor-element elementor-element-928b8c7 e-con-full e-flex e-con e-child\" data-id=\"928b8c7\" data-element_type=\"container\" data-e-type=\"container\">\n\t\t\t\t<div class=\"elementor-element elementor-element-0b58386 elementor-widget elementor-widget-heading\" data-id=\"0b58386\" data-element_type=\"widget\" data-e-type=\"widget\" data-widget_type=\"heading.default\">\n\t\t\t\t\t<h2 class=\"elementor-heading-title elementor-size-default\">Parachute ascensionnel \u00e0 Torrevieja<\/h2>\t\t\t\t<\/div>\n\t\t\t\t<div class=\"elementor-element elementor-element-8ed57e2 elementor-widget elementor-widget-heading\" data-id=\"8ed57e2\" data-element_type=\"widget\" data-e-type=\"widget\" data-widget_type=\"heading.default\">\n\t\t\t\t\t<p class=\"elementor-heading-title elementor-size-default\"><a href=\"http:\/\/puraventuraspain.com\/aventuras-de-agua\/parasailing\/torrevieja\/\">Plus d'informations<\/a><\/p>\t\t\t\t<\/div>\n\t\t\t\t<\/div>\n\t\t<div class=\"elementor-element elementor-element-f54ed8e e-con-full e-flex e-con e-child\" data-id=\"f54ed8e\" data-element_type=\"container\" data-e-type=\"container\">\n\t\t\t\t<div class=\"elementor-element elementor-element-c6a1157 elementor-widget elementor-widget-heading\" data-id=\"c6a1157\" data-element_type=\"widget\" data-e-type=\"widget\" data-widget_type=\"heading.default\">\n\t\t\t\t\t<h2 class=\"elementor-heading-title elementor-size-default\">Parachute ascensionnel \u00e0 Santa Pola<\/h2>\t\t\t\t<\/div>\n\t\t\t\t<div class=\"elementor-element elementor-element-f8b7339 elementor-widget elementor-widget-heading\" data-id=\"f8b7339\" data-element_type=\"widget\" data-e-type=\"widget\" data-widget_type=\"heading.default\">\n\t\t\t\t\t<p class=\"elementor-heading-title elementor-size-default\"><a href=\"http:\/\/puraventuraspain.com\/fr\/aventures-dans-leau\/parachute-ascensionnel\/santa-pola\/\">Plus d'informations<\/a><\/p>\t\t\t\t<\/div>\n\t\t\t\t<\/div>\n\t\t\t\t<\/div>\n\t\t\t\t<div class=\"elementor-element elementor-element-932ec7f elementor-widget elementor-widget-heading\" data-id=\"932ec7f\" data-element_type=\"widget\" data-e-type=\"widget\" data-widget_type=\"heading.default\">\n\t\t\t\t\t<h2 class=\"elementor-heading-title elementor-size-default\">Il comprend<\/h2>\t\t\t\t<\/div>\n\t\t\t\t<div class=\"elementor-element elementor-element-35e690c elementor-widget elementor-widget-text-editor\" data-id=\"35e690c\" data-element_type=\"widget\" data-e-type=\"widget\" data-widget_type=\"text-editor.default\">\n\t\t\t\t\t\t\t\t\t<ul><li>Montez \u00e0 bord de notre parachute ascensionnel.<\/li><li>Vol de 15 minutes.<\/li><li>1 boisson \u00e0 bord.<\/li><li>Possibilit\u00e9 d&rsquo;amener un accompagnateur avec boissons incluses.<\/li><\/ul>\t\t\t\t\t\t\t\t<\/div>\n\t\t\t\t<\/div>\n\t\t<div class=\"elementor-element elementor-element-ab1a3d2 e-con-full e-flex e-con e-child\" data-id=\"ab1a3d2\" data-element_type=\"container\" data-e-type=\"container\">\n\t\t<div class=\"elementor-element elementor-element-dfd5904 e-con-full e-flex e-con e-child\" data-id=\"dfd5904\" data-element_type=\"container\" data-e-type=\"container\">\n\t\t\t\t<div class=\"elementor-element elementor-element-bbac759 elementor-widget elementor-widget-heading\" data-id=\"bbac759\" data-element_type=\"widget\" data-e-type=\"widget\" data-widget_type=\"heading.default\">\n\t\t\t\t\t<h2 class=\"elementor-heading-title elementor-size-default\">1 PERSONNE<\/h2>\t\t\t\t<\/div>\n\t\t\t\t<div class=\"elementor-element elementor-element-03b7dac elementor-widget elementor-widget-heading\" data-id=\"03b7dac\" data-element_type=\"widget\" data-e-type=\"widget\" data-widget_type=\"heading.default\">\n\t\t\t\t\t<p class=\"elementor-heading-title elementor-size-default\">75\u20ac<\/p>\t\t\t\t<\/div>\n\t\t\t\t<\/div>\n\t\t<div class=\"elementor-element elementor-element-e4e6b0b e-con-full e-flex e-con e-child\" data-id=\"e4e6b0b\" data-element_type=\"container\" data-e-type=\"container\">\n\t\t\t\t<div class=\"elementor-element elementor-element-920938e elementor-widget elementor-widget-heading\" data-id=\"920938e\" data-element_type=\"widget\" data-e-type=\"widget\" data-widget_type=\"heading.default\">\n\t\t\t\t\t<h2 class=\"elementor-heading-title elementor-size-default\">2 PERSONNES<\/h2>\t\t\t\t<\/div>\n\t\t\t\t<div class=\"elementor-element elementor-element-0e0636f elementor-widget elementor-widget-heading\" data-id=\"0e0636f\" data-element_type=\"widget\" data-e-type=\"widget\" data-widget_type=\"heading.default\">\n\t\t\t\t\t<p class=\"elementor-heading-title elementor-size-default\">65\u20ac\/pers.<\/p>\t\t\t\t<\/div>\n\t\t\t\t<\/div>\n\t\t\t\t<\/div>\n\t\t<div class=\"elementor-element elementor-element-3401569 e-con-full e-flex e-con e-child\" data-id=\"3401569\" data-element_type=\"container\" data-e-type=\"container\">\n\t\t<div class=\"elementor-element elementor-element-c70fc27 e-con-full e-flex e-con e-child\" data-id=\"c70fc27\" data-element_type=\"container\" data-e-type=\"container\">\n\t\t\t\t<div class=\"elementor-element elementor-element-6973b53 elementor-widget elementor-widget-heading\" data-id=\"6973b53\" data-element_type=\"widget\" data-e-type=\"widget\" data-widget_type=\"heading.default\">\n\t\t\t\t\t<h2 class=\"elementor-heading-title elementor-size-default\">3 PERSONNES OU PLUS<\/h2>\t\t\t\t<\/div>\n\t\t\t\t<div class=\"elementor-element elementor-element-887a884 elementor-widget elementor-widget-heading\" data-id=\"887a884\" data-element_type=\"widget\" data-e-type=\"widget\" data-widget_type=\"heading.default\">\n\t\t\t\t\t<p class=\"elementor-heading-title elementor-size-default\">55\u20ac\/pers.<\/p>\t\t\t\t<\/div>\n\t\t\t\t<\/div>\n\t\t<div class=\"elementor-element elementor-element-60b41b0 e-con-full e-flex e-con e-child\" data-id=\"60b41b0\" data-element_type=\"container\" data-e-type=\"container\">\n\t\t\t\t<div class=\"elementor-element elementor-element-be2256a elementor-widget elementor-widget-heading\" data-id=\"be2256a\" data-element_type=\"widget\" data-e-type=\"widget\" data-widget_type=\"heading.default\">\n\t\t\t\t\t<h2 class=\"elementor-heading-title elementor-size-default\">ACCOMPAGNANTS<\/h2>\t\t\t\t<\/div>\n\t\t\t\t<div class=\"elementor-element elementor-element-3673fdd elementor-widget elementor-widget-heading\" data-id=\"3673fdd\" data-element_type=\"widget\" data-e-type=\"widget\" data-widget_type=\"heading.default\">\n\t\t\t\t\t<p class=\"elementor-heading-title elementor-size-default\">20\u20ac\/pers.<\/p>\t\t\t\t<\/div>\n\t\t\t\t<\/div>\n\t\t\t\t<\/div>\n\t\t\t\t<\/div>\n\t\t<div class=\"elementor-element elementor-element-1b8d14e e-con-full e-flex e-con e-child\" data-id=\"1b8d14e\" data-element_type=\"container\" data-e-type=\"container\">\n\t\t<div class=\"elementor-element elementor-element-62d782f e-con-full e-flex e-con e-child\" data-id=\"62d782f\" data-element_type=\"container\" data-e-type=\"container\">\n\t\t\t\t<div class=\"elementor-element elementor-element-475a762 elementor-widget-mobile__width-initial elementor-widget elementor-widget-heading\" data-id=\"475a762\" data-element_type=\"widget\" data-e-type=\"widget\" data-widget_type=\"heading.default\">\n\t\t\t\t\t<h2 class=\"elementor-heading-title elementor-size-default\">Besoin d'aide ?<\/h2>\t\t\t\t<\/div>\n\t\t\t\t<div class=\"elementor-element elementor-element-6a20e18 eael-wpforms-form-button-full-width eael-wpforms-labels-yes elementor-widget elementor-widget-eael-wpforms\" data-id=\"6a20e18\" data-element_type=\"widget\" data-e-type=\"widget\" data-widget_type=\"eael-wpforms.default\">\n\t\t\t\t\t            <div class=\"eael-contact-form eael-wpforms eael-wpforms-align-default\">\n                                <div class=\"wpforms-container wpforms-container-full wpforms-render-modern\" id=\"wpforms-10727\"><form id=\"wpforms-form-10727\" class=\"wpforms-validate wpforms-form wpforms-ajax-form\" data-formid=\"10727\" method=\"post\" enctype=\"multipart\/form-data\" action=\"\/fr\/wp-json\/wp\/v2\/pages\/10278\" data-token=\"091a3c82fa54c3c11c2dffd124b13622\" data-token-time=\"1775352168\"><div class=\"wpforms-head-container\"><\/div><noscript class=\"wpforms-error-noscript\">Veuillez activer JavaScript dans votre navigateur pour remplir ce formulaire.<\/noscript><div id=\"wpforms-error-noscript\" style=\"display: none;\">Veuillez activer JavaScript dans votre navigateur pour remplir ce formulaire.<\/div><div class=\"wpforms-field-container\"><div id=\"wpforms-10727-field_1-container\" class=\"wpforms-field wpforms-field-name\" data-field-id=\"1\"><label class=\"wpforms-field-label\" for=\"wpforms-10727-field_1\">Nombre <span class=\"wpforms-required-label\" aria-hidden=\"true\">*<\/span><\/label><input type=\"text\" id=\"wpforms-10727-field_1\" class=\"wpforms-field-large wpforms-field-required\" name=\"wpforms[fields][1]\" placeholder=\"Escribe tu nombre\" aria-errormessage=\"wpforms-10727-field_1-error\" required><\/div><div id=\"wpforms-10727-field_2-container\" class=\"wpforms-field wpforms-field-email\" data-field-id=\"2\"><label class=\"wpforms-field-label\" for=\"wpforms-10727-field_2\">Correo <span class=\"wpforms-required-label\" aria-hidden=\"true\">*<\/span><\/label><input type=\"email\" id=\"wpforms-10727-field_2\" class=\"wpforms-field-large wpforms-field-required\" name=\"wpforms[fields][2]\" placeholder=\"tucorreo@tucorreo.com\" spellcheck=\"false\" aria-errormessage=\"wpforms-10727-field_2-error\" required><\/div><div id=\"wpforms-10727-field_3-container\" class=\"wpforms-field wpforms-field-phone\" data-field-id=\"3\"><label class=\"wpforms-field-label\" for=\"wpforms-10727-field_3\">Tel\u00e9fono<\/label><input type=\"tel\" id=\"wpforms-10727-field_3\" class=\"wpforms-field-large wpforms-smart-phone-field\" data-rule-smart-phone-field=\"true\" name=\"wpforms[fields][3]\" placeholder=\"123 456 789\" aria-label=\"Tel\u00e9fono\" aria-errormessage=\"wpforms-10727-field_3-error\" ><\/div>\t\t<div id=\"wpforms-10727-field_7-container\"\n\t\t\tclass=\"wpforms-field wpforms-field-text\"\n\t\t\tdata-field-type=\"text\"\n\t\t\tdata-field-id=\"7\"\n\t\t\t>\n\t\t\t<label class=\"wpforms-field-label\" for=\"wpforms-10727-field_7\" >Mensaje Resuelve: Nombre<\/label>\n\t\t\t<input type=\"text\" id=\"wpforms-10727-field_7\" class=\"wpforms-field-medium\" name=\"wpforms[fields][7]\" >\n\t\t<\/div>\n\t\t<div id=\"wpforms-10727-field_4-container\" class=\"wpforms-field wpforms-field-textarea\" data-field-id=\"4\"><label class=\"wpforms-field-label\" for=\"wpforms-10727-field_4\">Mensaje<\/label><textarea id=\"wpforms-10727-field_4\" class=\"wpforms-field-medium\" name=\"wpforms[fields][4]\" placeholder=\"\u00bfC\u00f3mo podemos ayudarte?\" aria-errormessage=\"wpforms-10727-field_4-error\" ><\/textarea><\/div><div id=\"wpforms-10727-field_6-container\" class=\"wpforms-field wpforms-field-captcha\" data-field-id=\"6\"><label class=\"wpforms-field-label\" for=\"wpforms-10727-field_6\">Resuelve: <span class=\"wpforms-required-label\" aria-hidden=\"true\">*<\/span><\/label>\t\t\t<div class=\"wpforms-captcha-math\">\n\t\t\t\t<span id=\"wpforms-10727-field_6-question\" class=\"wpforms-captcha-equation\">\n\t\t\t\t\t<span class=\"n1\">6<\/span>\n\t\t\t\t\t\t\t<span class=\"cal\">*<\/span>\n\t\t\t\t\t\t\t<span class=\"n2\">1<\/span>\t\t\t\t\t<span class=\"e\">=<\/span>\n\t\t\t\t<\/span>\n\t\t\t\t<input type=\"text\" id=\"wpforms-10727-field_6\" class=\"wpforms-field-medium wpforms-field-required a\" data-rule-wpf-captcha=\"math\" data-is-wrapped-field=\"1\" name=\"wpforms[fields][6][a]\" aria-errormessage=\"wpforms-10727-field_6-error\" aria-describedby=\"wpforms-10727-field_6-question\" required>\t\t\t\t<input type=\"hidden\" name=\"wpforms[fields][6][cal]\" class=\"cal\">\n\t\t\t\t<input type=\"hidden\" name=\"wpforms[fields][6][n2]\" class=\"n2\">\n\t\t\t\t<input type=\"hidden\" name=\"wpforms[fields][6][n1]\" class=\"n1\">\n\t\t\t<\/div>\n\t\t\t<\/div><div id=\"wpforms-10727-field_5-container\" class=\"wpforms-field wpforms-field-gdpr-checkbox\" data-field-id=\"5\"><label class=\"wpforms-field-label\">Acuerdo RGPD <span class=\"wpforms-required-label\" aria-hidden=\"true\">*<\/span><\/label><ul id=\"wpforms-10727-field_5\" class=\"wpforms-field-required\"><li class=\"choice-1\"><input type=\"checkbox\" id=\"wpforms-10727-field_5_1\" name=\"wpforms[fields][5][]\" value=\"Doy mi consentimiento para que esta web almacene la informaci\u00f3n que env\u00edo para que puedan responder a mi petici\u00f3n.\" aria-errormessage=\"wpforms-10727-field_5_1-error\" required ><label class=\"wpforms-field-label-inline\" for=\"wpforms-10727-field_5_1\">Doy mi consentimiento para que esta web almacene la informaci\u00f3n que env\u00edo para que puedan responder a mi petici\u00f3n.<\/label><\/li><\/ul><\/div><script>\n\t\t\t\t( function() {\n\t\t\t\t\tconst style = document.createElement( 'style' );\n\t\t\t\t\tstyle.appendChild( document.createTextNode( '#wpforms-10727-field_7-container { position: absolute !important; overflow: hidden !important; display: inline !important; height: 1px !important; width: 1px !important; z-index: -1000 !important; padding: 0 !important; } #wpforms-10727-field_7-container input { visibility: hidden; } #wpforms-conversational-form-page #wpforms-10727-field_7-container label { counter-increment: none; }' ) );\n\t\t\t\t\tdocument.head.appendChild( style );\n\t\t\t\t\tdocument.currentScript?.remove();\n\t\t\t\t} )();\n\t\t\t<\/script><\/div><!-- .wpforms-field-container --><div class=\"wpforms-submit-container\" ><input type=\"hidden\" name=\"wpforms[id]\" value=\"10727\"><input type=\"hidden\" name=\"page_title\" value=\"\"><input type=\"hidden\" name=\"page_url\" value=\"https:\/\/puraventuraspain.com\/fr\/wp-json\/wp\/v2\/pages\/10278\"><input type=\"hidden\" name=\"url_referer\" value=\"\"><button type=\"submit\" name=\"wpforms[submit]\" id=\"wpforms-submit-10727\" class=\"wpforms-submit envio_form_click\" data-alt-text=\"Enviando...\" data-submit-text=\"Enviar\" aria-live=\"assertive\" value=\"wpforms-submit\">Enviar<\/button><img decoding=\"async\" src=\"https:\/\/puraventuraspain.com\/wp-content\/plugins\/wpforms\/assets\/images\/submit-spin.svg\" class=\"wpforms-submit-spinner\" style=\"display: none;\" width=\"26\" height=\"26\" alt=\"Chargement en cours\"><\/div><\/form><\/div>  <!-- .wpforms-container -->            <\/div>\n\t\t\t\t<\/div>\n\t\t\t\t<\/div>\n\t\t\t\t<\/div>\n\t\t\t\t<\/div>\n\t\t\t\t\t<\/div>\n\t\t\t\t<\/div>\n\t\t<div class=\"elementor-element elementor-element-ef46610 e-flex e-con-boxed e-con e-parent\" data-id=\"ef46610\" data-element_type=\"container\" data-e-type=\"container\">\n\t\t\t\t\t<div class=\"e-con-inner\">\n\t\t<div class=\"elementor-element elementor-element-0cd37cd e-con-full e-flex e-con e-child\" data-id=\"0cd37cd\" data-element_type=\"container\" data-e-type=\"container\">\n\t\t\t\t<div class=\"elementor-element elementor-element-558add6 elementor-align-center elementor-widget elementor-widget-button\" data-id=\"558add6\" data-element_type=\"widget\" data-e-type=\"widget\" data-settings=\"{&quot;sticky&quot;:&quot;bottom&quot;,&quot;sticky_offset&quot;:50,&quot;sticky_on&quot;:[&quot;desktop&quot;,&quot;tablet&quot;,&quot;mobile&quot;],&quot;sticky_effects_offset&quot;:0,&quot;sticky_anchor_link_offset&quot;:0}\" data-widget_type=\"button.default\">\n\t\t\t\t\t\t\t\t\t\t<a class=\"elementor-button elementor-button-link elementor-size-sm\" href=\"https:\/\/fareharbor.com\/embeds\/book\/puraventuraspain\/items\/618646\/?full-items=yes&#038;flow=1363355&#038;u=6174898b-506b-4002-84ed-a5317fb14bbc&#038;from-ssl=yes&#038;ga4t=G-8Q911JNK45%2C__%3B&#038;g4=yes&#038;cp=no&#038;csp=no&#038;back=https%3A%2F%2Fpuraventuraspain.com%2Faventuras-de-agua%2Fparasailing%2F&#038;language=es-es\">\n\t\t\t\t\t\t<span class=\"elementor-button-content-wrapper\">\n\t\t\t\t\t\t\t\t\t<span class=\"elementor-button-text\">R\u00e9server<\/span>\n\t\t\t\t\t<\/span>\n\t\t\t\t\t<\/a>\n\t\t\t\t\t\t\t\t<\/div>\n\t\t\t\t<\/div>\n\t\t\t\t\t<\/div>\n\t\t\t\t<\/div>\n\t\t\t\t<\/div>\n\t\t","protected":false},"excerpt":{"rendered":"<p>Inicio \/ Parachute ascensionnel Torrevieja et Santa Pola Description Le parachute ascensionnel est un type de saut en parachute o\u00f9 [&hellip;]<\/p>\n","protected":false},"author":1,"featured_media":0,"parent":10372,"menu_order":0,"comment_status":"closed","ping_status":"closed","template":"elementor_header_footer","meta":{"site-sidebar-layout":"no-sidebar","site-content-layout":"","ast-site-content-layout":"full-width-container","site-content-style":"default","site-sidebar-style":"default","ast-global-header-display":"","ast-banner-title-visibility":"","ast-main-header-display":"","ast-hfb-above-header-display":"","ast-hfb-below-header-display":"","ast-hfb-mobile-header-display":"","site-post-title":"","ast-breadcrumbs-content":"","ast-featured-img":"disabled","footer-sml-layout":"","ast-disable-related-posts":"","theme-transparent-header-meta":"default","adv-header-id-meta":"","stick-header-meta":"","header-above-stick-meta":"","header-main-stick-meta":"","header-below-stick-meta":"","astra-migrate-meta-layouts":"default","ast-page-background-enabled":"default","ast-page-background-meta":{"desktop":{"background-color":"var(--ast-global-color-5)","background-image":"","background-repeat":"repeat","background-position":"center center","background-size":"auto","background-attachment":"scroll","background-type":"","background-media":"","overlay-type":"","overlay-color":"","overlay-opacity":"","overlay-gradient":""},"tablet":{"background-color":"","background-image":"","background-repeat":"repeat","background-position":"center center","background-size":"auto","background-attachment":"scroll","background-type":"","background-media":"","overlay-type":"","overlay-color":"","overlay-opacity":"","overlay-gradient":""},"mobile":{"background-color":"","background-image":"","background-repeat":"repeat","background-position":"center center","background-size":"auto","background-attachment":"scroll","background-type":"","background-media":"","overlay-type":"","overlay-color":"","overlay-opacity":"","overlay-gradient":""}},"ast-content-background-meta":{"desktop":{"background-color":"var(--ast-global-color-4)","background-image":"","background-repeat":"repeat","background-position":"center center","background-size":"auto","background-attachment":"scroll","background-type":"","background-media":"","overlay-type":"","overlay-color":"","overlay-opacity":"","overlay-gradient":""},"tablet":{"background-color":"var(--ast-global-color-4)","background-image":"","background-repeat":"repeat","background-position":"center center","background-size":"auto","background-attachment":"scroll","background-type":"","background-media":"","overlay-type":"","overlay-color":"","overlay-opacity":"","overlay-gradient":""},"mobile":{"background-color":"var(--ast-global-color-4)","background-image":"","background-repeat":"repeat","background-position":"center center","background-size":"auto","background-attachment":"scroll","background-type":"","background-media":"","overlay-type":"","overlay-color":"","overlay-opacity":"","overlay-gradient":""}},"footnotes":""},"class_list":["post-10278","page","type-page","status-publish","hentry"],"_links":{"self":[{"href":"https:\/\/puraventuraspain.com\/fr\/wp-json\/wp\/v2\/pages\/10278","targetHints":{"allow":["GET"]}}],"collection":[{"href":"https:\/\/puraventuraspain.com\/fr\/wp-json\/wp\/v2\/pages"}],"about":[{"href":"https:\/\/puraventuraspain.com\/fr\/wp-json\/wp\/v2\/types\/page"}],"author":[{"embeddable":true,"href":"https:\/\/puraventuraspain.com\/fr\/wp-json\/wp\/v2\/users\/1"}],"replies":[{"embeddable":true,"href":"https:\/\/puraventuraspain.com\/fr\/wp-json\/wp\/v2\/comments?post=10278"}],"version-history":[{"count":0,"href":"https:\/\/puraventuraspain.com\/fr\/wp-json\/wp\/v2\/pages\/10278\/revisions"}],"up":[{"embeddable":true,"href":"https:\/\/puraventuraspain.com\/fr\/wp-json\/wp\/v2\/pages\/10372"}],"wp:attachment":[{"href":"https:\/\/puraventuraspain.com\/fr\/wp-json\/wp\/v2\/media?parent=10278"}],"curies":[{"name":"wp","href":"https:\/\/api.w.org\/{rel}","templated":true}]}}