{"id":10231,"date":"2025-05-07T11:05:08","date_gmt":"2025-05-07T09:05:08","guid":{"rendered":"https:\/\/puraventuraspain.com\/cours-padi-open-water\/"},"modified":"2026-04-27T10:02:28","modified_gmt":"2026-04-27T08:02:28","slug":"cours-padi-open-water","status":"publish","type":"page","link":"https:\/\/puraventuraspain.com\/fr\/aventures-dans-leau\/cours-de-plongee\/cours-padi-open-water\/","title":{"rendered":"Cours Padi Open Water"},"content":{"rendered":"\t\t<div data-elementor-type=\"wp-page\" data-elementor-id=\"10231\" class=\"elementor elementor-10231 elementor-1262\" data-elementor-post-type=\"page\">\n\t\t\t\t<div class=\"elementor-element elementor-element-d340c19 e-flex e-con-boxed e-con e-parent\" data-id=\"d340c19\" data-element_type=\"container\" data-e-type=\"container\" data-settings=\"{&quot;background_background&quot;:&quot;classic&quot;}\">\n\t\t\t\t\t<div class=\"e-con-inner\">\n\t\t<div class=\"elementor-element elementor-element-8c0450e e-con-full e-flex e-con e-child\" data-id=\"8c0450e\" data-element_type=\"container\" data-e-type=\"container\">\n\t\t\t\t<div class=\"elementor-element elementor-element-d8bd37d elementor-widget elementor-widget-eael-breadcrumbs\" data-id=\"d8bd37d\" data-element_type=\"widget\" data-e-type=\"widget\" data-widget_type=\"eael-breadcrumbs.default\">\n\t\t\t\t<div class=\"elementor-widget-container\">\n\t\t\t\t\t\t\t<div class=\"eael-breadcrumbs\">\n\t\t\t<div class=\"eael-breadcrumbs__content\"><a href=\"https:\/\/puraventuraspain.com\/fr\/\">Accueil<\/a> <span class=\"eael-breadcrumb-separator\">\/<\/span> <span class = \"eael-current\">Page<\/span><\/div>\t\t<\/div>\n\t\t\t\t\t\t<\/div>\n\t\t\t\t<\/div>\n\t\t\t\t<\/div>\n\t\t<div class=\"elementor-element elementor-element-6ba5030 e-con-full e-flex e-con e-child\" data-id=\"6ba5030\" data-element_type=\"container\" data-e-type=\"container\" data-settings=\"{&quot;background_background&quot;:&quot;classic&quot;}\">\n\t\t<div class=\"elementor-element elementor-element-dc00a06 e-con-full e-flex e-con e-child\" data-id=\"dc00a06\" data-element_type=\"container\" data-e-type=\"container\" data-settings=\"{&quot;background_background&quot;:&quot;classic&quot;}\">\n\t\t\t\t<\/div>\n\t\t<div class=\"elementor-element elementor-element-32f5238 e-con-full e-flex e-con e-child\" data-id=\"32f5238\" data-element_type=\"container\" data-e-type=\"container\">\n\t\t<div class=\"elementor-element elementor-element-501fbb8 e-con-full e-flex e-con e-child\" data-id=\"501fbb8\" data-element_type=\"container\" data-e-type=\"container\" data-settings=\"{&quot;background_background&quot;:&quot;classic&quot;}\">\n\t\t\t\t<\/div>\n\t\t<div class=\"elementor-element elementor-element-9cd1da2 e-con-full e-flex e-con e-child\" data-id=\"9cd1da2\" data-element_type=\"container\" data-e-type=\"container\" data-settings=\"{&quot;background_background&quot;:&quot;classic&quot;}\">\n\t\t\t\t<\/div>\n\t\t\t\t<\/div>\n\t\t<div class=\"elementor-element elementor-element-807c005 e-con-full e-flex e-con e-child\" data-id=\"807c005\" data-element_type=\"container\" data-e-type=\"container\" data-settings=\"{&quot;background_background&quot;:&quot;classic&quot;}\">\n\t\t\t\t<\/div>\n\t\t\t\t<\/div>\n\t\t\t\t\t<\/div>\n\t\t\t\t<\/div>\n\t\t<div class=\"elementor-element elementor-element-e69037f e-flex e-con-boxed e-con e-parent\" data-id=\"e69037f\" data-element_type=\"container\" data-e-type=\"container\" data-settings=\"{&quot;background_background&quot;:&quot;classic&quot;}\">\n\t\t\t\t\t<div class=\"e-con-inner\">\n\t\t<div class=\"elementor-element elementor-element-494fe81 e-con-full e-flex e-con e-child\" data-id=\"494fe81\" data-element_type=\"container\" data-e-type=\"container\">\n\t\t\t\t<div class=\"elementor-element elementor-element-7c7eeef elementor-widget elementor-widget-heading\" data-id=\"7c7eeef\" data-element_type=\"widget\" data-e-type=\"widget\" data-widget_type=\"heading.default\">\n\t\t\t\t\t<h1 class=\"elementor-heading-title elementor-size-default\">Cours PADI Open Water<\/h1>\t\t\t\t<\/div>\n\t\t\t\t<div class=\"elementor-element elementor-element-7d8faa2 elementor-widget elementor-widget-heading\" data-id=\"7d8faa2\" data-element_type=\"widget\" data-e-type=\"widget\" data-widget_type=\"heading.default\">\n\t\t\t\t\t<h2 class=\"elementor-heading-title elementor-size-default\">Santa Pola \/ Tabarca , Alicante \/ El Campello, Torrevieja, Cartagena, Cabo de Palos<\/h2>\t\t\t\t<\/div>\n\t\t\t\t<\/div>\n\t\t<div class=\"elementor-element elementor-element-cd0740c e-con-full e-flex e-con e-child\" data-id=\"cd0740c\" data-element_type=\"container\" data-e-type=\"container\">\n\t\t\t\t<div class=\"elementor-element elementor-element-7fb2e68 elementor-widget elementor-widget-heading\" data-id=\"7fb2e68\" data-element_type=\"widget\" data-e-type=\"widget\" data-widget_type=\"heading.default\">\n\t\t\t\t\t<p class=\"elementor-heading-title elementor-size-default\">440\u20ac<\/p>\t\t\t\t<\/div>\n\t\t\t\t<\/div>\n\t\t\t\t\t<\/div>\n\t\t\t\t<\/div>\n\t\t<div class=\"elementor-element elementor-element-410ade0 e-flex e-con-boxed e-con e-parent\" data-id=\"410ade0\" data-element_type=\"container\" data-e-type=\"container\" data-settings=\"{&quot;background_background&quot;:&quot;classic&quot;}\">\n\t\t\t\t\t<div class=\"e-con-inner\">\n\t\t<div class=\"elementor-element elementor-element-421eda2 e-con-full e-flex e-con e-child\" data-id=\"421eda2\" data-element_type=\"container\" data-e-type=\"container\">\n\t\t\t\t<div class=\"elementor-element elementor-element-b32ac6f elementor-widget-divider--view-line elementor-widget elementor-widget-divider\" data-id=\"b32ac6f\" data-element_type=\"widget\" data-e-type=\"widget\" data-widget_type=\"divider.default\">\n\t\t\t\t\t\t\t<div class=\"elementor-divider\">\n\t\t\t<span class=\"elementor-divider-separator\">\n\t\t\t\t\t\t<\/span>\n\t\t<\/div>\n\t\t\t\t\t\t<\/div>\n\t\t\t\t<\/div>\n\t\t<div class=\"elementor-element elementor-element-1c6fbe3 e-con-full e-flex e-con e-child\" data-id=\"1c6fbe3\" data-element_type=\"container\" data-e-type=\"container\">\n\t\t<div class=\"elementor-element elementor-element-c95171d e-con-full e-flex e-con e-child\" data-id=\"c95171d\" data-element_type=\"container\" data-e-type=\"container\">\n\t\t<div class=\"elementor-element elementor-element-0ccc3e9 e-con-full e-flex e-con e-child\" data-id=\"0ccc3e9\" data-element_type=\"container\" data-e-type=\"container\">\n\t\t\t\t<div class=\"elementor-element elementor-element-ae9e84f elementor-widget elementor-widget-heading\" data-id=\"ae9e84f\" data-element_type=\"widget\" data-e-type=\"widget\" data-widget_type=\"heading.default\">\n\t\t\t\t\t<h2 class=\"elementor-heading-title elementor-size-default\">Description<\/h2>\t\t\t\t<\/div>\n\t\t\t\t<div class=\"elementor-element elementor-element-278aeeb elementor-widget elementor-widget-text-editor\" data-id=\"278aeeb\" data-element_type=\"widget\" data-e-type=\"widget\" data-widget_type=\"text-editor.default\">\n\t\t\t\t\t\t\t\t\t<p>Le cours PADI Open Water est votre premi\u00e8re \u00e9tape pour devenir un plongeur certifi\u00e9. Vous pouvez compl\u00e9ter le cours en seulement 3 jours ! Apr\u00e8s avoir termin\u00e9 le cours, vous serez capable de plonger jusqu&rsquo;\u00e0 18 m\u00e8tres n&rsquo;importe o\u00f9 dans le monde. Ce cours comprend la th\u00e9orie de la plong\u00e9e, 1 jour de formation en milieu confin\u00e9 et 2 jours passionnants et diversifi\u00e9s de plong\u00e9e en milieu naturel.   <\/p><p>Ici, \u00e0 PURA AVENTURA, nous offrons diff\u00e9rentes options pour compl\u00e9ter votre cours PADI. Apr\u00e8s tout, il s&rsquo;agit de vos vacances et nous vous offrons une certaine flexibilit\u00e9. <\/p>\t\t\t\t\t\t\t\t<\/div>\n\t\t\t\t<\/div>\n\t\t<div class=\"elementor-element elementor-element-2f3e94d e-con-full e-flex e-con e-child\" data-id=\"2f3e94d\" data-element_type=\"container\" data-e-type=\"container\">\n\t\t\t\t<div class=\"elementor-element elementor-element-0c4ed30 elementor-widget elementor-widget-heading\" data-id=\"0c4ed30\" data-element_type=\"widget\" data-e-type=\"widget\" data-widget_type=\"heading.default\">\n\t\t\t\t\t<h3 class=\"elementor-heading-title elementor-size-default\">Mode th\u00e9orique d'apprentissage en ligne<\/h3>\t\t\t\t<\/div>\n\t\t\t\t<div class=\"elementor-element elementor-element-32d5de8 elementor-widget elementor-widget-heading\" data-id=\"32d5de8\" data-element_type=\"widget\" data-e-type=\"widget\" data-widget_type=\"heading.default\">\n\t\t\t\t\t<h4 class=\"elementor-heading-title elementor-size-default\">PADI Open Water avec E-learning :<\/h4>\t\t\t\t<\/div>\n\t\t\t\t<div class=\"elementor-element elementor-element-9aee477 elementor-widget elementor-widget-text-editor\" data-id=\"9aee477\" data-element_type=\"widget\" data-e-type=\"widget\" data-widget_type=\"text-editor.default\">\n\t\t\t\t\t\t\t\t\t<p>Vous pouvez suivre la th\u00e9orie PADI E-learning en ligne et la compl\u00e9ter facilement depuis le confort de votre domicile. Cela vous donne plus de temps libre pour profiter de vos vacances. Vous pouvez acc\u00e9der \u00e0 votre cours \u00e0 partir de l&rsquo;application PADI qui fonctionne sur tous les appareils Android et Apple.  <\/p><p>Une fois votre r\u00e9servation effectu\u00e9e, nous vous enverrons un code de v\u00e9rification personnel et des instructions. Vous pourrez alors commencer \u00e0 \u00e9tudier \u00e0 l&rsquo;avance chez vous, sur le chemin d&rsquo;Alicante, de Santa Pola, de Torrevieja, sur la plage ou ailleurs. Cette alternative \u00e9limine une grande partie du temps pass\u00e9 en classe et vous pouvez terminer le cours en moins de 3 jours complets.  <\/p>\t\t\t\t\t\t\t\t<\/div>\n\t\t\t\t<\/div>\n\t\t<div class=\"elementor-element elementor-element-3138e93 e-con-full e-flex e-con e-child\" data-id=\"3138e93\" data-element_type=\"container\" data-e-type=\"container\">\n\t\t\t\t<div class=\"elementor-element elementor-element-77ee2af elementor-widget elementor-widget-heading\" data-id=\"77ee2af\" data-element_type=\"widget\" data-e-type=\"widget\" data-widget_type=\"heading.default\">\n\t\t\t\t\t<h3 class=\"elementor-heading-title elementor-size-default\">Partie pratique du cours :<\/h3>\t\t\t\t<\/div>\n\t\t\t\t<div class=\"elementor-element elementor-element-5a7b543 elementor-widget elementor-widget-heading\" data-id=\"5a7b543\" data-element_type=\"widget\" data-e-type=\"widget\" data-widget_type=\"heading.default\">\n\t\t\t\t\t<h4 class=\"elementor-heading-title elementor-size-default\">Session en milieu aquatique confin\u00e9 :<\/h4>\t\t\t\t<\/div>\n\t\t\t\t<div class=\"elementor-element elementor-element-78236ca elementor-widget elementor-widget-text-editor\" data-id=\"78236ca\" data-element_type=\"widget\" data-e-type=\"widget\" data-widget_type=\"text-editor.default\">\n\t\t\t\t\t\t\t\t\t<p>Le premier jour du cours Open Water, vous rencontrerez votre instructeur de plong\u00e9e et vous vous familiariserez avec l&rsquo;\u00e9quipement de plong\u00e9e. L&rsquo;\u00e9tape suivante consiste \u00e0 commencer l&rsquo;entra\u00eenement en milieu confin\u00e9 (en piscine ou en mer peu profonde dans des eaux calmes \u00e0 Santa Pola, Alicante ou Torrevieja). <\/p><p> <\/p><p>Pendant la plong\u00e9e en milieu confin\u00e9, vous apprendrez tout ce qu&rsquo;il faut savoir sur l&rsquo;\u00e9quipement, ce qu&rsquo;il faut faire sous l&rsquo;eau et, surtout, la sensation de respirer comme un poisson. Votre instructeur PADI vous expliquera divers exercices que vous pratiquerez ensuite sous l&rsquo;eau. La session en eau confin\u00e9e peut \u00eatre effectu\u00e9e le matin ou l&rsquo;apr\u00e8s-midi.  <\/p>\t\t\t\t\t\t\t\t<\/div>\n\t\t\t\t<div class=\"elementor-element elementor-element-26f9dc0 elementor-widget elementor-widget-heading\" data-id=\"26f9dc0\" data-element_type=\"widget\" data-e-type=\"widget\" data-widget_type=\"heading.default\">\n\t\t\t\t\t<h4 class=\"elementor-heading-title elementor-size-default\">Plong\u00e9es en milieu naturel :<\/h4>\t\t\t\t<\/div>\n\t\t\t\t<div class=\"elementor-element elementor-element-2d9164e elementor-widget elementor-widget-text-editor\" data-id=\"2d9164e\" data-element_type=\"widget\" data-e-type=\"widget\" data-widget_type=\"text-editor.default\">\n\t\t\t\t\t\t\t\t\t<p>Lorsque vous avez termin\u00e9 la session en milieu prot\u00e9g\u00e9, vous pouvez continuer avec les plong\u00e9es en milieu naturel. Au total, vous ferez 4 plong\u00e9es en mer. Cela se fait en deux jours de plaisir, en d\u00e9couvrant l&rsquo;incroyable monde sous-marin avec votre instructeur.  <\/p><p> <\/p><p>Vous mettrez en pratique les exercices que vous avez appris pr\u00e9c\u00e9demment en eau confin\u00e9e. Vous apprendrez \u00e9galement comment fonctionne l&rsquo;\u00e9quipement de plong\u00e9e, comment respirer et se d\u00e9placer sous l&rsquo;eau, la flottabilit\u00e9, les proc\u00e9dures de s\u00e9curit\u00e9 et bien plus encore ! <\/p>\t\t\t\t\t\t\t\t<\/div>\n\t\t\t\t<\/div>\n\t\t\t\t<\/div>\n\t\t<div class=\"elementor-element elementor-element-1b8d14e e-con-full e-flex e-con e-child\" data-id=\"1b8d14e\" data-element_type=\"container\" data-e-type=\"container\">\n\t\t<div class=\"elementor-element elementor-element-62d782f e-con-full e-flex e-con e-child\" data-id=\"62d782f\" data-element_type=\"container\" data-e-type=\"container\">\n\t\t\t\t<div class=\"elementor-element elementor-element-475a762 elementor-widget-mobile__width-initial elementor-widget elementor-widget-heading\" data-id=\"475a762\" data-element_type=\"widget\" data-e-type=\"widget\" data-widget_type=\"heading.default\">\n\t\t\t\t\t<h2 class=\"elementor-heading-title elementor-size-default\">Besoin d'aide ?<\/h2>\t\t\t\t<\/div>\n\t\t\t\t<div class=\"elementor-element elementor-element-d65760f eael-wpforms-form-button-full-width eael-wpforms-labels-yes elementor-widget elementor-widget-eael-wpforms\" data-id=\"d65760f\" data-element_type=\"widget\" data-e-type=\"widget\" data-widget_type=\"eael-wpforms.default\">\n\t\t\t\t\t            <div class=\"eael-contact-form eael-wpforms eael-wpforms-align-default\">\n                                <div class=\"wpforms-container wpforms-container-full wpforms-render-modern\" id=\"wpforms-10727\"><form id=\"wpforms-form-10727\" class=\"wpforms-validate wpforms-form wpforms-ajax-form\" data-formid=\"10727\" method=\"post\" enctype=\"multipart\/form-data\" action=\"\/fr\/wp-json\/wp\/v2\/pages\/10231\" data-token=\"65c76b746873bf033ee58a38dedf6a4a\" data-token-time=\"1777723917\"><div class=\"wpforms-head-container\"><\/div><noscript class=\"wpforms-error-noscript\">Veuillez activer JavaScript dans votre navigateur pour remplir ce formulaire.<\/noscript><div id=\"wpforms-error-noscript\" style=\"display: none;\">Veuillez activer JavaScript dans votre navigateur pour remplir ce formulaire.<\/div><div class=\"wpforms-field-container\"><div id=\"wpforms-10727-field_1-container\" class=\"wpforms-field wpforms-field-name\" data-field-id=\"1\"><label class=\"wpforms-field-label\" for=\"wpforms-10727-field_1\">Nombre <span class=\"wpforms-required-label\" aria-hidden=\"true\">*<\/span><\/label><input type=\"text\" id=\"wpforms-10727-field_1\" class=\"wpforms-field-large wpforms-field-required\" name=\"wpforms[fields][1]\" placeholder=\"Escribe tu nombre\" aria-errormessage=\"wpforms-10727-field_1-error\" required><\/div>\t\t<div id=\"wpforms-10727-field_7-container\"\n\t\t\tclass=\"wpforms-field wpforms-field-text\"\n\t\t\tdata-field-type=\"text\"\n\t\t\tdata-field-id=\"7\"\n\t\t\t>\n\t\t\t<label class=\"wpforms-field-label\" for=\"wpforms-10727-field_7\" >Acuerdo Resuelve: Mensaje<\/label>\n\t\t\t<input type=\"text\" id=\"wpforms-10727-field_7\" class=\"wpforms-field-medium\" name=\"wpforms[fields][7]\" >\n\t\t<\/div>\n\t\t<div id=\"wpforms-10727-field_2-container\" class=\"wpforms-field wpforms-field-email\" data-field-id=\"2\"><label class=\"wpforms-field-label\" for=\"wpforms-10727-field_2\">Correo <span class=\"wpforms-required-label\" aria-hidden=\"true\">*<\/span><\/label><input type=\"email\" id=\"wpforms-10727-field_2\" class=\"wpforms-field-large wpforms-field-required\" name=\"wpforms[fields][2]\" placeholder=\"tucorreo@tucorreo.com\" spellcheck=\"false\" aria-errormessage=\"wpforms-10727-field_2-error\" required><\/div><div id=\"wpforms-10727-field_3-container\" class=\"wpforms-field wpforms-field-phone\" data-field-id=\"3\"><label class=\"wpforms-field-label\" for=\"wpforms-10727-field_3\">Tel\u00e9fono<\/label><input type=\"tel\" id=\"wpforms-10727-field_3\" class=\"wpforms-field-large wpforms-smart-phone-field\" data-rule-smart-phone-field=\"true\" name=\"wpforms[fields][3]\" placeholder=\"123 456 789\" aria-label=\"Tel\u00e9fono\" aria-errormessage=\"wpforms-10727-field_3-error\" ><\/div><div id=\"wpforms-10727-field_4-container\" class=\"wpforms-field wpforms-field-textarea\" data-field-id=\"4\"><label class=\"wpforms-field-label\" for=\"wpforms-10727-field_4\">Mensaje<\/label><textarea id=\"wpforms-10727-field_4\" class=\"wpforms-field-medium\" name=\"wpforms[fields][4]\" placeholder=\"\u00bfC\u00f3mo podemos ayudarte?\" aria-errormessage=\"wpforms-10727-field_4-error\" ><\/textarea><\/div><div id=\"wpforms-10727-field_6-container\" class=\"wpforms-field wpforms-field-captcha\" data-field-id=\"6\"><label class=\"wpforms-field-label\" for=\"wpforms-10727-field_6\">Resuelve: <span class=\"wpforms-required-label\" aria-hidden=\"true\">*<\/span><\/label>\t\t\t<div class=\"wpforms-captcha-math\">\n\t\t\t\t<span id=\"wpforms-10727-field_6-question\" class=\"wpforms-captcha-equation\">\n\t\t\t\t\t<span class=\"n1\">1<\/span>\n\t\t\t\t\t\t\t<span class=\"cal\">+<\/span>\n\t\t\t\t\t\t\t<span class=\"n2\">12<\/span>\t\t\t\t\t<span class=\"e\">=<\/span>\n\t\t\t\t<\/span>\n\t\t\t\t<input type=\"text\" id=\"wpforms-10727-field_6\" class=\"wpforms-field-medium wpforms-field-required a\" data-rule-wpf-captcha=\"math\" data-is-wrapped-field=\"1\" name=\"wpforms[fields][6][a]\" aria-errormessage=\"wpforms-10727-field_6-error\" aria-describedby=\"wpforms-10727-field_6-question\" required>\t\t\t\t<input type=\"hidden\" name=\"wpforms[fields][6][cal]\" class=\"cal\">\n\t\t\t\t<input type=\"hidden\" name=\"wpforms[fields][6][n2]\" class=\"n2\">\n\t\t\t\t<input type=\"hidden\" name=\"wpforms[fields][6][n1]\" class=\"n1\">\n\t\t\t<\/div>\n\t\t\t<\/div><div id=\"wpforms-10727-field_5-container\" class=\"wpforms-field wpforms-field-gdpr-checkbox\" data-field-id=\"5\"><label class=\"wpforms-field-label\">Acuerdo RGPD <span class=\"wpforms-required-label\" aria-hidden=\"true\">*<\/span><\/label><ul id=\"wpforms-10727-field_5\" class=\"wpforms-field-required\"><li class=\"choice-1\"><input type=\"checkbox\" id=\"wpforms-10727-field_5_1\" name=\"wpforms[fields][5][]\" value=\"Doy mi consentimiento para que esta web almacene la informaci\u00f3n que env\u00edo para que puedan responder a mi petici\u00f3n.\" aria-errormessage=\"wpforms-10727-field_5_1-error\" required ><label class=\"wpforms-field-label-inline\" for=\"wpforms-10727-field_5_1\">Doy mi consentimiento para que esta web almacene la informaci\u00f3n que env\u00edo para que puedan responder a mi petici\u00f3n.<\/label><\/li><\/ul><\/div><script>\n\t\t\t\t( function() {\n\t\t\t\t\tconst style = document.createElement( 'style' );\n\t\t\t\t\tstyle.appendChild( document.createTextNode( '#wpforms-10727-field_7-container { position: absolute !important; overflow: hidden !important; display: inline !important; height: 1px !important; width: 1px !important; z-index: -1000 !important; padding: 0 !important; } #wpforms-10727-field_7-container input { visibility: hidden; } #wpforms-conversational-form-page #wpforms-10727-field_7-container label { counter-increment: none; }' ) );\n\t\t\t\t\tdocument.head.appendChild( style );\n\t\t\t\t\tdocument.currentScript?.remove();\n\t\t\t\t} )();\n\t\t\t<\/script><\/div><!-- .wpforms-field-container --><div class=\"wpforms-submit-container\" ><input type=\"hidden\" name=\"wpforms[id]\" value=\"10727\"><input type=\"hidden\" name=\"page_title\" value=\"\"><input type=\"hidden\" name=\"page_url\" value=\"https:\/\/puraventuraspain.com\/fr\/wp-json\/wp\/v2\/pages\/10231\"><input type=\"hidden\" name=\"url_referer\" value=\"\"><button type=\"submit\" name=\"wpforms[submit]\" id=\"wpforms-submit-10727\" class=\"wpforms-submit envio_form_click\" data-alt-text=\"Enviando...\" data-submit-text=\"Enviar\" aria-live=\"assertive\" value=\"wpforms-submit\">Enviar<\/button><img decoding=\"async\" src=\"https:\/\/puraventuraspain.com\/wp-content\/plugins\/wpforms\/assets\/images\/submit-spin.svg\" class=\"wpforms-submit-spinner\" style=\"display: none;\" width=\"26\" height=\"26\" alt=\"Chargement en cours\"><\/div><\/form><\/div>  <!-- .wpforms-container -->            <\/div>\n\t\t\t\t<\/div>\n\t\t\t\t<\/div>\n\t\t\t\t<\/div>\n\t\t\t\t<\/div>\n\t\t\t\t\t<\/div>\n\t\t\t\t<\/div>\n\t\t<div class=\"elementor-element elementor-element-d0ec0b9 e-flex e-con-boxed e-con e-parent\" data-id=\"d0ec0b9\" data-element_type=\"container\" data-e-type=\"container\">\n\t\t\t\t\t<div class=\"e-con-inner\">\n\t\t<div class=\"elementor-element elementor-element-1449e81 e-con-full e-flex e-con e-child\" data-id=\"1449e81\" data-element_type=\"container\" data-e-type=\"container\">\n\t\t\t\t<div class=\"elementor-element elementor-element-c0dbf40 elementor-align-center elementor-widget elementor-widget-button\" data-id=\"c0dbf40\" data-element_type=\"widget\" data-e-type=\"widget\" data-settings=\"{&quot;sticky&quot;:&quot;bottom&quot;,&quot;sticky_offset&quot;:50,&quot;sticky_on&quot;:[&quot;desktop&quot;,&quot;tablet&quot;,&quot;mobile&quot;],&quot;sticky_effects_offset&quot;:0,&quot;sticky_anchor_link_offset&quot;:0}\" data-widget_type=\"button.default\">\n\t\t\t\t\t\t\t\t\t\t<a class=\"elementor-button elementor-button-link elementor-size-sm\" href=\"https:\/\/diveacademy-santapola.bloowatch.com\/booking\/products\/214720\" target=\"_blank\" rel=\"noopener\">\n\t\t\t\t\t\t<span class=\"elementor-button-content-wrapper\">\n\t\t\t\t\t\t\t\t\t<span class=\"elementor-button-text\">R\u00e9server<\/span>\n\t\t\t\t\t<\/span>\n\t\t\t\t\t<\/a>\n\t\t\t\t\t\t\t\t<\/div>\n\t\t\t\t<\/div>\n\t\t\t\t\t<\/div>\n\t\t\t\t<\/div>\n\t\t\t\t<\/div>\n\t\t","protected":false},"excerpt":{"rendered":"<p>Accueil \/ Cours PADI Open Water Santa Pola \/ Tabarca , Alicante \/ El Campello, Torrevieja, Cartagena, Cabo de Palos [&hellip;]<\/p>\n","protected":false},"author":1,"featured_media":0,"parent":10289,"menu_order":0,"comment_status":"closed","ping_status":"closed","template":"","meta":{"site-sidebar-layout":"no-sidebar","site-content-layout":"","ast-site-content-layout":"full-width-container","site-content-style":"default","site-sidebar-style":"default","ast-global-header-display":"","ast-banner-title-visibility":"","ast-main-header-display":"","ast-hfb-above-header-display":"","ast-hfb-below-header-display":"","ast-hfb-mobile-header-display":"","site-post-title":"disabled","ast-breadcrumbs-content":"","ast-featured-img":"disabled","footer-sml-layout":"","ast-disable-related-posts":"","theme-transparent-header-meta":"","adv-header-id-meta":"","stick-header-meta":"","header-above-stick-meta":"","header-main-stick-meta":"","header-below-stick-meta":"","astra-migrate-meta-layouts":"default","ast-page-background-enabled":"default","ast-page-background-meta":{"desktop":{"background-color":"var(--ast-global-color-5)","background-image":"","background-repeat":"repeat","background-position":"center center","background-size":"auto","background-attachment":"scroll","background-type":"","background-media":"","overlay-type":"","overlay-color":"","overlay-opacity":"","overlay-gradient":""},"tablet":{"background-color":"","background-image":"","background-repeat":"repeat","background-position":"center center","background-size":"auto","background-attachment":"scroll","background-type":"","background-media":"","overlay-type":"","overlay-color":"","overlay-opacity":"","overlay-gradient":""},"mobile":{"background-color":"","background-image":"","background-repeat":"repeat","background-position":"center center","background-size":"auto","background-attachment":"scroll","background-type":"","background-media":"","overlay-type":"","overlay-color":"","overlay-opacity":"","overlay-gradient":""}},"ast-content-background-meta":{"desktop":{"background-color":"var(--ast-global-color-4)","background-image":"","background-repeat":"repeat","background-position":"center center","background-size":"auto","background-attachment":"scroll","background-type":"","background-media":"","overlay-type":"","overlay-color":"","overlay-opacity":"","overlay-gradient":""},"tablet":{"background-color":"var(--ast-global-color-4)","background-image":"","background-repeat":"repeat","background-position":"center center","background-size":"auto","background-attachment":"scroll","background-type":"","background-media":"","overlay-type":"","overlay-color":"","overlay-opacity":"","overlay-gradient":""},"mobile":{"background-color":"var(--ast-global-color-4)","background-image":"","background-repeat":"repeat","background-position":"center center","background-size":"auto","background-attachment":"scroll","background-type":"","background-media":"","overlay-type":"","overlay-color":"","overlay-opacity":"","overlay-gradient":""}},"footnotes":""},"class_list":["post-10231","page","type-page","status-publish","hentry"],"_links":{"self":[{"href":"https:\/\/puraventuraspain.com\/fr\/wp-json\/wp\/v2\/pages\/10231","targetHints":{"allow":["GET"]}}],"collection":[{"href":"https:\/\/puraventuraspain.com\/fr\/wp-json\/wp\/v2\/pages"}],"about":[{"href":"https:\/\/puraventuraspain.com\/fr\/wp-json\/wp\/v2\/types\/page"}],"author":[{"embeddable":true,"href":"https:\/\/puraventuraspain.com\/fr\/wp-json\/wp\/v2\/users\/1"}],"replies":[{"embeddable":true,"href":"https:\/\/puraventuraspain.com\/fr\/wp-json\/wp\/v2\/comments?post=10231"}],"version-history":[{"count":4,"href":"https:\/\/puraventuraspain.com\/fr\/wp-json\/wp\/v2\/pages\/10231\/revisions"}],"predecessor-version":[{"id":13069,"href":"https:\/\/puraventuraspain.com\/fr\/wp-json\/wp\/v2\/pages\/10231\/revisions\/13069"}],"up":[{"embeddable":true,"href":"https:\/\/puraventuraspain.com\/fr\/wp-json\/wp\/v2\/pages\/10289"}],"wp:attachment":[{"href":"https:\/\/puraventuraspain.com\/fr\/wp-json\/wp\/v2\/media?parent=10231"}],"curies":[{"name":"wp","href":"https:\/\/api.w.org\/{rel}","templated":true}]}}